{"id":657,"date":"2023-09-11T09:17:35","date_gmt":"2023-09-11T09:17:35","guid":{"rendered":"https:\/\/www.vigidaspack.lt\/?page_id=657"},"modified":"2025-03-24T15:07:19","modified_gmt":"2025-03-24T15:07:19","slug":"privacy-policy","status":"publish","type":"page","link":"https:\/\/www.vigidaspack.lt\/de\/privacy-policy\/","title":{"rendered":"Datenschutzrichtlinie"},"content":{"rendered":"<div data-elementor-type=\"wp-page\" data-elementor-id=\"657\" class=\"elementor elementor-657\">\n\t\t\t\t\t\t<section class=\"elementor-section elementor-top-section elementor-element elementor-element-a00f085 elementor-section-boxed elementor-section-height-default elementor-section-height-default\" data-id=\"a00f085\" data-element_type=\"section\" data-settings=\"{&quot;background_background&quot;:&quot;classic&quot;}\">\n\t\t\t\t\t\t<div class=\"elementor-container elementor-column-gap-default\">\n\t\t\t\t\t<div class=\"elementor-column elementor-col-100 elementor-top-column elementor-element elementor-element-dc50d41\" data-id=\"dc50d41\" data-element_type=\"column\">\n\t\t\t<div class=\"elementor-widget-wrap elementor-element-populated\">\n\t\t\t\t\t\t<div class=\"elementor-element elementor-element-4756567 elementor-widget elementor-widget-hfe-breadcrumbs-widget\" data-id=\"4756567\" data-element_type=\"widget\" data-widget_type=\"hfe-breadcrumbs-widget.default\">\n\t\t\t\t<div class=\"elementor-widget-container\">\n\t\t\t\t\t<nav aria-label=\"Brotkr\u00fcmelnavigation\"><ul class=\"hfe-breadcrumbs hfe-breadcrumbs-show-home\"><li class=\"hfe-breadcrumbs-item hfe-breadcrumbs-first\"><span class=\"hfe-breadcrumbs-home-icon\"><i aria-hidden=\"true\" class=\"fas fa-home\"><\/i><\/span><a href=\"https:\/\/www.vigidaspack.lt\/de\"><span class=\"hfe-breadcrumbs-text\">Heim<\/span><\/a><\/li><\/ul><\/nav>\t\t\t\t<\/div>\n\t\t\t\t<\/div>\n\t\t\t\t\t<\/div>\n\t\t<\/div>\n\t\t\t\t\t<\/div>\n\t\t<\/section>\n\t\t\t\t<section class=\"elementor-section elementor-top-section elementor-element elementor-element-8adecd4 elementor-section-boxed elementor-section-height-default elementor-section-height-default\" data-id=\"8adecd4\" data-element_type=\"section\">\n\t\t\t\t\t\t<div class=\"elementor-container elementor-column-gap-default\">\n\t\t\t\t\t<div class=\"elementor-column elementor-col-100 elementor-top-column elementor-element elementor-element-37760fa\" data-id=\"37760fa\" data-element_type=\"column\">\n\t\t\t<div class=\"elementor-widget-wrap elementor-element-populated\">\n\t\t\t\t\t\t<div class=\"elementor-element elementor-element-f5b8ec9 elementor-widget elementor-widget-heading\" data-id=\"f5b8ec9\" data-element_type=\"widget\" data-widget_type=\"heading.default\">\n\t\t\t\t<div class=\"elementor-widget-container\">\n\t\t\t\t\t<h2 class=\"elementor-heading-title elementor-size-default\">Datenschutzrichtlinie<\/h2>\t\t\t\t<\/div>\n\t\t\t\t<\/div>\n\t\t\t\t<div class=\"elementor-element elementor-element-61994b4 elementor-widget elementor-widget-text-editor\" data-id=\"61994b4\" data-element_type=\"widget\" data-widget_type=\"text-editor.default\">\n\t\t\t\t<div class=\"elementor-widget-container\">\n\t\t\t\t\t\t\t\t\t<p><strong>EINF\u00dcHRUNG<\/strong><br \/>Wir sind UAB VIGIDAS PACK (Firmennummer: 301150244, Anschrift: Daubos g. 1C, \u0160iauliai). Diese Datenschutzrichtlinie beschreibt unsere Website-Datenschutzrichtlinie und die Verfahren im Zusammenhang mit der Erhebung und Verwendung Ihrer Daten bei der Nutzung der Website https:\/\/www.vigidaspack.lt\/ (nachfolgend \u201eWebsite\u201c) und der dort angebotenen Dienste. Wir verwenden Ihre personenbezogenen Daten ausschlie\u00dflich zur Bereitstellung und Verbesserung der Website-Dienste. Durch die Nutzung der Website stimmen Sie der Erhebung und Verwendung von Informationen gem\u00e4\u00df dieser Datenschutzrichtlinie zu.<\/p><p><strong>Erhebung personenbezogener Daten<\/strong><br \/>Wenn Sie auf unserer Website surfen, erfassen wir automatisch die folgenden Informationen: Ihre IP-Adresse, Browsertyp und -version sowie welche Seiten der Website Sie besuchen.<\/p><p>Wir k\u00f6nnen auch Informationen erfassen, die Sie angeben, wenn Sie uns \u00fcber das Kontaktformular kontaktieren: Name, E-Mail-Adresse.<\/p><p><strong>Speicherung und Verwendung personenbezogener Daten<\/strong><br \/>Wir speichern Ihre personenbezogenen Daten nur so lange, wie es zur Erreichung der in dieser Datenschutzerkl\u00e4rung genannten Zwecke erforderlich ist:<br \/>\u2013 Beantwortung Ihrer Anfragen<br \/>\u2013 Sie kontaktieren<br \/>\u2013 Bereitstellung und Wartung unserer Dienste<br \/>\u2013 Bereitstellung der neuesten Informationen und Angebote<\/p><p>Wir verpflichten uns, die Vertraulichkeit Ihrer personenbezogenen Daten durch den Einsatz modernster Technologien zu gew\u00e4hrleisten, au\u00dfer in F\u00e4llen, in denen Ihre personenbezogenen Daten an Dritte weitergegeben werden m\u00fcssen, wenn dies aufgrund geltender Rechtsvorschriften erforderlich ist oder wenn dies f\u00fcr die Bereitstellung unserer Dienste erforderlich ist.<\/p><p>Sie haben das Recht, Auskunft \u00fcber Ihre von uns erhobenen personenbezogenen Daten und deren Verwendung zu verlangen. Sie k\u00f6nnen auch die L\u00f6schung Ihrer personenbezogenen Daten verlangen.<\/p><p><strong>KEKSE<\/strong><br \/>Wir verwenden Cookies auf unserer Website, um Ihr Surferlebnis zu verbessern und den Datenverkehr zu analysieren. Sie k\u00f6nnen die Verwendung von Cookies in Ihren Browsereinstellungen verhindern.<\/p><p><strong>SCHLUSSBESTIMMUNGEN<\/strong><br \/>Diese Datenschutzrichtlinie wurde in \u00dcbereinstimmung mit den Gesetzen und Rechtsakten der Republik Litauen zum Schutz personenbezogener Daten erstellt. Alle auftretenden Streitigkeiten werden einvernehmlich durch Verhandlungen beigelegt. Ist eine Einigung nicht m\u00f6glich, werden Streitigkeiten gem\u00e4\u00df dem in der Republik Litauen geltenden Recht beigelegt.<\/p>\t\t\t\t\t\t\t\t<\/div>\n\t\t\t\t<\/div>\n\t\t\t\t\t<\/div>\n\t\t<\/div>\n\t\t\t\t\t<\/div>\n\t\t<\/section>\n\t\t\t\t<\/div>","protected":false},"excerpt":{"rendered":"<p>Home Privacy policy INTRODUCTIONWe are UAB VIGIDAS PACK (Company code: 301150244, address: Daubos g. 1C, \u0160iauliai). This Privacy Policy describes our website privacy policy and procedures related to the collection and use of your information when you use the https:\/\/www.vigidaspack.lt\/ website (hereinafter referred to as the \u201cWebsite\u201d) and the services provided by it. We use [&hellip;]<\/p>","protected":false},"author":1,"featured_media":0,"parent":0,"menu_order":0,"comment_status":"closed","ping_status":"closed","template":"elementor_header_footer","meta":{"footnotes":""},"class_list":["post-657","page","type-page","status-publish","hentry"],"yoast_head":"<!-- This site is optimized with the Yoast SEO plugin v25.0 - https:\/\/yoast.com\/wordpress\/plugins\/seo\/ -->\n<title>Privacy policy - Vigidas Pack<\/title>\n<meta name=\"description\" content=\"This Privacy Policy describes our website privacy policy and procedures related to the collection and use of your information when you use the https:\/\/www.vigidaspack.lt\/ website.\" \/>\n<meta name=\"robots\" content=\"index, follow, max-snippet:-1, max-image-preview:large, max-video-preview:-1\" \/>\n<link rel=\"canonical\" href=\"https:\/\/www.vigidaspack.lt\/de\/privacy-policy\/\" \/>\n<meta property=\"og:locale\" content=\"de_DE\" \/>\n<meta property=\"og:type\" content=\"article\" \/>\n<meta property=\"og:title\" content=\"Privacy policy - Vigidas Pack\" \/>\n<meta property=\"og:description\" content=\"This Privacy Policy describes our website privacy policy and procedures related to the collection and use of your information when you use the https:\/\/www.vigidaspack.lt\/ website.\" \/>\n<meta property=\"og:url\" content=\"https:\/\/www.vigidaspack.lt\/de\/privacy-policy\/\" \/>\n<meta property=\"og:site_name\" content=\"Vigidas Pack\" \/>\n<meta property=\"article:modified_time\" content=\"2025-03-24T15:07:19+00:00\" \/>\n<meta name=\"twitter:card\" content=\"summary_large_image\" \/>\n<meta name=\"twitter:label1\" content=\"Gesch\u00e4tzte Lesezeit\" \/>\n\t<meta name=\"twitter:data1\" content=\"2\u00a0Minuten\" \/>\n<script type=\"application\/ld+json\" class=\"yoast-schema-graph\">{\"@context\":\"https:\/\/schema.org\",\"@graph\":[{\"@type\":\"WebPage\",\"@id\":\"https:\/\/www.vigidaspack.lt\/fr\/privacy-policy\/\",\"url\":\"https:\/\/www.vigidaspack.lt\/fr\/privacy-policy\/\",\"name\":\"Privacy policy - Vigidas Pack\",\"isPartOf\":{\"@id\":\"https:\/\/www.vigidaspack.lt\/#website\"},\"datePublished\":\"2023-09-11T09:17:35+00:00\",\"dateModified\":\"2025-03-24T15:07:19+00:00\",\"description\":\"This Privacy Policy describes our website privacy policy and procedures related to the collection and use of your information when you use the https:\/\/www.vigidaspack.lt\/ website.\",\"breadcrumb\":{\"@id\":\"https:\/\/www.vigidaspack.lt\/fr\/privacy-policy\/#breadcrumb\"},\"inLanguage\":\"de\",\"potentialAction\":[{\"@type\":\"ReadAction\",\"target\":[\"https:\/\/www.vigidaspack.lt\/fr\/privacy-policy\/\"]}]},{\"@type\":\"BreadcrumbList\",\"@id\":\"https:\/\/www.vigidaspack.lt\/fr\/privacy-policy\/#breadcrumb\",\"itemListElement\":[{\"@type\":\"ListItem\",\"position\":1,\"name\":\"Home\",\"item\":\"https:\/\/www.vigidaspack.lt\/\"},{\"@type\":\"ListItem\",\"position\":2,\"name\":\"Privacy policy\"}]},{\"@type\":\"WebSite\",\"@id\":\"https:\/\/www.vigidaspack.lt\/#website\",\"url\":\"https:\/\/www.vigidaspack.lt\/\",\"name\":\"Vigidas Pack\",\"description\":\"PREMIUM EUROPEAN SAWMILL\",\"publisher\":{\"@id\":\"https:\/\/www.vigidaspack.lt\/#organization\"},\"potentialAction\":[{\"@type\":\"SearchAction\",\"target\":{\"@type\":\"EntryPoint\",\"urlTemplate\":\"https:\/\/www.vigidaspack.lt\/?s={search_term_string}\"},\"query-input\":{\"@type\":\"PropertyValueSpecification\",\"valueRequired\":true,\"valueName\":\"search_term_string\"}}],\"inLanguage\":\"de\"},{\"@type\":\"Organization\",\"@id\":\"https:\/\/www.vigidaspack.lt\/#organization\",\"name\":\"Vigidas Pack\",\"url\":\"https:\/\/www.vigidaspack.lt\/\",\"logo\":{\"@type\":\"ImageObject\",\"inLanguage\":\"de\",\"@id\":\"https:\/\/www.vigidaspack.lt\/#\/schema\/logo\/image\/\",\"url\":\"https:\/\/www.vigidaspack.lt\/wp-content\/uploads\/2022\/01\/Picture-1.png\",\"contentUrl\":\"https:\/\/www.vigidaspack.lt\/wp-content\/uploads\/2022\/01\/Picture-1.png\",\"width\":470,\"height\":214,\"caption\":\"Vigidas Pack\"},\"image\":{\"@id\":\"https:\/\/www.vigidaspack.lt\/#\/schema\/logo\/image\/\"}}]}<\/script>\n<!-- \/ Yoast SEO plugin. -->","yoast_head_json":{"title":"Privacy policy - Vigidas Pack","description":"This Privacy Policy describes our website privacy policy and procedures related to the collection and use of your information when you use the https:\/\/www.vigidaspack.lt\/ website.","robots":{"index":"index","follow":"follow","max-snippet":"max-snippet:-1","max-image-preview":"max-image-preview:large","max-video-preview":"max-video-preview:-1"},"canonical":"https:\/\/www.vigidaspack.lt\/de\/privacy-policy\/","og_locale":"de_DE","og_type":"article","og_title":"Privacy policy - Vigidas Pack","og_description":"This Privacy Policy describes our website privacy policy and procedures related to the collection and use of your information when you use the https:\/\/www.vigidaspack.lt\/ website.","og_url":"https:\/\/www.vigidaspack.lt\/de\/privacy-policy\/","og_site_name":"Vigidas Pack","article_modified_time":"2025-03-24T15:07:19+00:00","twitter_card":"summary_large_image","twitter_misc":{"Gesch\u00e4tzte Lesezeit":"2\u00a0Minuten"},"schema":{"@context":"https:\/\/schema.org","@graph":[{"@type":"WebPage","@id":"https:\/\/www.vigidaspack.lt\/fr\/privacy-policy\/","url":"https:\/\/www.vigidaspack.lt\/fr\/privacy-policy\/","name":"Privacy policy - Vigidas Pack","isPartOf":{"@id":"https:\/\/www.vigidaspack.lt\/#website"},"datePublished":"2023-09-11T09:17:35+00:00","dateModified":"2025-03-24T15:07:19+00:00","description":"This Privacy Policy describes our website privacy policy and procedures related to the collection and use of your information when you use the https:\/\/www.vigidaspack.lt\/ website.","breadcrumb":{"@id":"https:\/\/www.vigidaspack.lt\/fr\/privacy-policy\/#breadcrumb"},"inLanguage":"de","potentialAction":[{"@type":"ReadAction","target":["https:\/\/www.vigidaspack.lt\/fr\/privacy-policy\/"]}]},{"@type":"BreadcrumbList","@id":"https:\/\/www.vigidaspack.lt\/fr\/privacy-policy\/#breadcrumb","itemListElement":[{"@type":"ListItem","position":1,"name":"Home","item":"https:\/\/www.vigidaspack.lt\/"},{"@type":"ListItem","position":2,"name":"Privacy policy"}]},{"@type":"WebSite","@id":"https:\/\/www.vigidaspack.lt\/#website","url":"https:\/\/www.vigidaspack.lt\/","name":"Vigidas Pack","description":"PREMIUM EUROPEAN SAWMILL","publisher":{"@id":"https:\/\/www.vigidaspack.lt\/#organization"},"potentialAction":[{"@type":"SearchAction","target":{"@type":"EntryPoint","urlTemplate":"https:\/\/www.vigidaspack.lt\/?s={search_term_string}"},"query-input":{"@type":"PropertyValueSpecification","valueRequired":true,"valueName":"search_term_string"}}],"inLanguage":"de"},{"@type":"Organization","@id":"https:\/\/www.vigidaspack.lt\/#organization","name":"Vigidas Pack","url":"https:\/\/www.vigidaspack.lt\/","logo":{"@type":"ImageObject","inLanguage":"de","@id":"https:\/\/www.vigidaspack.lt\/#\/schema\/logo\/image\/","url":"https:\/\/www.vigidaspack.lt\/wp-content\/uploads\/2022\/01\/Picture-1.png","contentUrl":"https:\/\/www.vigidaspack.lt\/wp-content\/uploads\/2022\/01\/Picture-1.png","width":470,"height":214,"caption":"Vigidas Pack"},"image":{"@id":"https:\/\/www.vigidaspack.lt\/#\/schema\/logo\/image\/"}}]}},"_links":{"self":[{"href":"https:\/\/www.vigidaspack.lt\/de\/wp-json\/wp\/v2\/pages\/657","targetHints":{"allow":["GET"]}}],"collection":[{"href":"https:\/\/www.vigidaspack.lt\/de\/wp-json\/wp\/v2\/pages"}],"about":[{"href":"https:\/\/www.vigidaspack.lt\/de\/wp-json\/wp\/v2\/types\/page"}],"author":[{"embeddable":true,"href":"https:\/\/www.vigidaspack.lt\/de\/wp-json\/wp\/v2\/users\/1"}],"replies":[{"embeddable":true,"href":"https:\/\/www.vigidaspack.lt\/de\/wp-json\/wp\/v2\/comments?post=657"}],"version-history":[{"count":7,"href":"https:\/\/www.vigidaspack.lt\/de\/wp-json\/wp\/v2\/pages\/657\/revisions"}],"predecessor-version":[{"id":1966,"href":"https:\/\/www.vigidaspack.lt\/de\/wp-json\/wp\/v2\/pages\/657\/revisions\/1966"}],"wp:attachment":[{"href":"https:\/\/www.vigidaspack.lt\/de\/wp-json\/wp\/v2\/media?parent=657"}],"curies":[{"name":"wp","href":"https:\/\/api.w.org\/{rel}","templated":true}]}}