{"id":657,"date":"2023-09-11T09:17:35","date_gmt":"2023-09-11T09:17:35","guid":{"rendered":"https:\/\/www.vigidaspack.lt\/?page_id=657"},"modified":"2025-03-24T15:07:19","modified_gmt":"2025-03-24T15:07:19","slug":"privacy-policy","status":"publish","type":"page","link":"https:\/\/www.vigidaspack.lt\/es\/privacy-policy\/","title":{"rendered":"Pol\u00edtica de privacidad"},"content":{"rendered":"<div data-elementor-type=\"wp-page\" data-elementor-id=\"657\" class=\"elementor elementor-657\">\n\t\t\t\t\t\t<section class=\"elementor-section elementor-top-section elementor-element elementor-element-a00f085 elementor-section-boxed elementor-section-height-default elementor-section-height-default\" data-id=\"a00f085\" data-element_type=\"section\" data-settings=\"{&quot;background_background&quot;:&quot;classic&quot;}\">\n\t\t\t\t\t\t<div class=\"elementor-container elementor-column-gap-default\">\n\t\t\t\t\t<div class=\"elementor-column elementor-col-100 elementor-top-column elementor-element elementor-element-dc50d41\" data-id=\"dc50d41\" data-element_type=\"column\">\n\t\t\t<div class=\"elementor-widget-wrap elementor-element-populated\">\n\t\t\t\t\t\t<div class=\"elementor-element elementor-element-4756567 elementor-widget elementor-widget-hfe-breadcrumbs-widget\" data-id=\"4756567\" data-element_type=\"widget\" data-widget_type=\"hfe-breadcrumbs-widget.default\">\n\t\t\t\t<div class=\"elementor-widget-container\">\n\t\t\t\t\t<nav aria-label=\"Migaja de pan\"><ul class=\"hfe-breadcrumbs hfe-breadcrumbs-show-home\"><li class=\"hfe-breadcrumbs-item hfe-breadcrumbs-first\"><span class=\"hfe-breadcrumbs-home-icon\"><i aria-hidden=\"true\" class=\"fas fa-home\"><\/i><\/span><a href=\"https:\/\/www.vigidaspack.lt\/es\"><span class=\"hfe-breadcrumbs-text\">Hogar<\/span><\/a><\/li><\/ul><\/nav>\t\t\t\t<\/div>\n\t\t\t\t<\/div>\n\t\t\t\t\t<\/div>\n\t\t<\/div>\n\t\t\t\t\t<\/div>\n\t\t<\/section>\n\t\t\t\t<section class=\"elementor-section elementor-top-section elementor-element elementor-element-8adecd4 elementor-section-boxed elementor-section-height-default elementor-section-height-default\" data-id=\"8adecd4\" data-element_type=\"section\">\n\t\t\t\t\t\t<div class=\"elementor-container elementor-column-gap-default\">\n\t\t\t\t\t<div class=\"elementor-column elementor-col-100 elementor-top-column elementor-element elementor-element-37760fa\" data-id=\"37760fa\" data-element_type=\"column\">\n\t\t\t<div class=\"elementor-widget-wrap elementor-element-populated\">\n\t\t\t\t\t\t<div class=\"elementor-element elementor-element-f5b8ec9 elementor-widget elementor-widget-heading\" data-id=\"f5b8ec9\" data-element_type=\"widget\" data-widget_type=\"heading.default\">\n\t\t\t\t<div class=\"elementor-widget-container\">\n\t\t\t\t\t<h2 class=\"elementor-heading-title elementor-size-default\">Pol\u00edtica de privacidad<\/h2>\t\t\t\t<\/div>\n\t\t\t\t<\/div>\n\t\t\t\t<div class=\"elementor-element elementor-element-61994b4 elementor-widget elementor-widget-text-editor\" data-id=\"61994b4\" data-element_type=\"widget\" data-widget_type=\"text-editor.default\">\n\t\t\t\t<div class=\"elementor-widget-container\">\n\t\t\t\t\t\t\t\t\t<p><strong>INTRODUCCI\u00d3N<\/strong><br \/>Somos UAB VIGIDAS PACK (c\u00f3digo de empresa: 301150244, domicilio: Daubos g. 1C, \u0160iauliai). Esta Pol\u00edtica de Privacidad describe la pol\u00edtica de privacidad de nuestro sitio web y los procedimientos relacionados con la recopilaci\u00f3n y el uso de su informaci\u00f3n al utilizar el sitio web https:\/\/www.vigidaspack.lt\/ (en adelante, el \u00abSitio Web\u00bb) y los servicios que ofrece. Utilizamos sus Datos Personales \u00fanicamente para proporcionar y mejorar los servicios del Sitio Web. Al utilizar el Sitio Web, usted acepta la recopilaci\u00f3n y el uso de informaci\u00f3n de acuerdo con esta Pol\u00edtica de Privacidad.<\/p><p><strong>RECOPILACI\u00d3N DE DATOS PERSONALES<\/strong><br \/>Cuando navega por nuestro sitio web, recopilamos autom\u00e1ticamente la siguiente informaci\u00f3n: su direcci\u00f3n IP, tipo y versi\u00f3n del navegador, qu\u00e9 p\u00e1ginas del sitio web visita.<\/p><p>Tambi\u00e9n podemos recopilar informaci\u00f3n que usted proporcione cuando se comunique con nosotros a trav\u00e9s del formulario de contacto: nombre, direcci\u00f3n de correo electr\u00f3nico.<\/p><p><strong>ALMACENAMIENTO Y USO DE DATOS PERSONALES<\/strong><br \/>Almacenamos sus datos personales solo el tiempo necesario para lograr los fines especificados en esta pol\u00edtica de privacidad:<br \/>\u2013 Responder a sus consultas<br \/>\u2013 Contactarle<br \/>\u2013 Proporcionar y mantener nuestros servicios<br \/>\u2013 Brindarle la informaci\u00f3n y ofertas m\u00e1s recientes<\/p><p>Nos comprometemos a garantizar la confidencialidad de sus datos personales utilizando las m\u00e1s altas tecnolog\u00edas, excepto en los casos en que sus datos personales deban ser transferidos a terceros, cuando lo requieran las leyes legales aplicables o cuando sea necesario para prestar nuestros servicios.<\/p><p>Tiene derecho a solicitar acceso a los datos personales que recopilamos sobre usted y a c\u00f3mo los utilizamos. Tambi\u00e9n puede solicitar la eliminaci\u00f3n de sus datos personales.<\/p><p><strong>GALLETAS<\/strong><br \/>Utilizamos cookies en nuestro sitio web para mejorar tu experiencia de navegaci\u00f3n y analizar el tr\u00e1fico. Puedes evitar que tu navegador utilice cookies configurando tu navegador.<\/p><p><strong>DISPOSICIONES FINALES<\/strong><br \/>Esta Pol\u00edtica de Privacidad se redacta de conformidad con las leyes y actos jur\u00eddicos de la Rep\u00fablica de Lituania que regulan la protecci\u00f3n de datos personales. Todas las controversias que surjan se resolver\u00e1n de mutuo acuerdo mediante negociaciones. De no ser posible llegar a un acuerdo, las controversias se resolver\u00e1n de conformidad con el procedimiento establecido por la legislaci\u00f3n de la Rep\u00fablica de Lituania.<\/p>\t\t\t\t\t\t\t\t<\/div>\n\t\t\t\t<\/div>\n\t\t\t\t\t<\/div>\n\t\t<\/div>\n\t\t\t\t\t<\/div>\n\t\t<\/section>\n\t\t\t\t<\/div>","protected":false},"excerpt":{"rendered":"<p>Pol\u00edtica de privacidad INTRODUCCI\u00d3N Somos UAB VIGIDAS PACK (c\u00f3digo de empresa: 301150244, domicilio: Daubos g. 1C, \u0160iauliai). Esta Pol\u00edtica de Privacidad describe la pol\u00edtica de privacidad de nuestro sitio web y los procedimientos relacionados con la recopilaci\u00f3n y el uso de su informaci\u00f3n cuando utiliza el sitio web https:\/\/www.vigidaspack.lt\/ (en adelante, el \u00abSitio web\u00bb) y los servicios que ofrece. Utilizamos [\u2026]<\/p>","protected":false},"author":1,"featured_media":0,"parent":0,"menu_order":0,"comment_status":"closed","ping_status":"closed","template":"elementor_header_footer","meta":{"footnotes":""},"class_list":["post-657","page","type-page","status-publish","hentry"],"yoast_head":"<!-- This site is optimized with the Yoast SEO plugin v25.0 - https:\/\/yoast.com\/wordpress\/plugins\/seo\/ -->\n<title>Privacy policy - Vigidas Pack<\/title>\n<meta name=\"description\" content=\"This Privacy Policy describes our website privacy policy and procedures related to the collection and use of your information when you use the https:\/\/www.vigidaspack.lt\/ website.\" \/>\n<meta name=\"robots\" content=\"index, follow, max-snippet:-1, max-image-preview:large, max-video-preview:-1\" \/>\n<link rel=\"canonical\" href=\"https:\/\/www.vigidaspack.lt\/es\/privacy-policy\/\" \/>\n<meta property=\"og:locale\" content=\"es_ES\" \/>\n<meta property=\"og:type\" content=\"article\" \/>\n<meta property=\"og:title\" content=\"Privacy policy - Vigidas Pack\" \/>\n<meta property=\"og:description\" content=\"This Privacy Policy describes our website privacy policy and procedures related to the collection and use of your information when you use the https:\/\/www.vigidaspack.lt\/ website.\" \/>\n<meta property=\"og:url\" content=\"https:\/\/www.vigidaspack.lt\/es\/privacy-policy\/\" \/>\n<meta property=\"og:site_name\" content=\"Vigidas Pack\" \/>\n<meta property=\"article:modified_time\" content=\"2025-03-24T15:07:19+00:00\" \/>\n<meta name=\"twitter:card\" content=\"summary_large_image\" \/>\n<meta name=\"twitter:label1\" content=\"Tiempo de lectura\" \/>\n\t<meta name=\"twitter:data1\" content=\"2 minutos\" \/>\n<script type=\"application\/ld+json\" class=\"yoast-schema-graph\">{\"@context\":\"https:\/\/schema.org\",\"@graph\":[{\"@type\":\"WebPage\",\"@id\":\"https:\/\/www.vigidaspack.lt\/fr\/privacy-policy\/\",\"url\":\"https:\/\/www.vigidaspack.lt\/fr\/privacy-policy\/\",\"name\":\"Privacy policy - Vigidas Pack\",\"isPartOf\":{\"@id\":\"https:\/\/www.vigidaspack.lt\/#website\"},\"datePublished\":\"2023-09-11T09:17:35+00:00\",\"dateModified\":\"2025-03-24T15:07:19+00:00\",\"description\":\"This Privacy Policy describes our website privacy policy and procedures related to the collection and use of your information when you use the https:\/\/www.vigidaspack.lt\/ website.\",\"breadcrumb\":{\"@id\":\"https:\/\/www.vigidaspack.lt\/fr\/privacy-policy\/#breadcrumb\"},\"inLanguage\":\"es\",\"potentialAction\":[{\"@type\":\"ReadAction\",\"target\":[\"https:\/\/www.vigidaspack.lt\/fr\/privacy-policy\/\"]}]},{\"@type\":\"BreadcrumbList\",\"@id\":\"https:\/\/www.vigidaspack.lt\/fr\/privacy-policy\/#breadcrumb\",\"itemListElement\":[{\"@type\":\"ListItem\",\"position\":1,\"name\":\"Home\",\"item\":\"https:\/\/www.vigidaspack.lt\/\"},{\"@type\":\"ListItem\",\"position\":2,\"name\":\"Privacy policy\"}]},{\"@type\":\"WebSite\",\"@id\":\"https:\/\/www.vigidaspack.lt\/#website\",\"url\":\"https:\/\/www.vigidaspack.lt\/\",\"name\":\"Vigidas Pack\",\"description\":\"PREMIUM EUROPEAN SAWMILL\",\"publisher\":{\"@id\":\"https:\/\/www.vigidaspack.lt\/#organization\"},\"potentialAction\":[{\"@type\":\"SearchAction\",\"target\":{\"@type\":\"EntryPoint\",\"urlTemplate\":\"https:\/\/www.vigidaspack.lt\/?s={search_term_string}\"},\"query-input\":{\"@type\":\"PropertyValueSpecification\",\"valueRequired\":true,\"valueName\":\"search_term_string\"}}],\"inLanguage\":\"es\"},{\"@type\":\"Organization\",\"@id\":\"https:\/\/www.vigidaspack.lt\/#organization\",\"name\":\"Vigidas Pack\",\"url\":\"https:\/\/www.vigidaspack.lt\/\",\"logo\":{\"@type\":\"ImageObject\",\"inLanguage\":\"es\",\"@id\":\"https:\/\/www.vigidaspack.lt\/#\/schema\/logo\/image\/\",\"url\":\"https:\/\/www.vigidaspack.lt\/wp-content\/uploads\/2022\/01\/Picture-1.png\",\"contentUrl\":\"https:\/\/www.vigidaspack.lt\/wp-content\/uploads\/2022\/01\/Picture-1.png\",\"width\":470,\"height\":214,\"caption\":\"Vigidas Pack\"},\"image\":{\"@id\":\"https:\/\/www.vigidaspack.lt\/#\/schema\/logo\/image\/\"}}]}<\/script>\n<!-- \/ Yoast SEO plugin. -->","yoast_head_json":{"title":"Privacy policy - Vigidas Pack","description":"This Privacy Policy describes our website privacy policy and procedures related to the collection and use of your information when you use the https:\/\/www.vigidaspack.lt\/ website.","robots":{"index":"index","follow":"follow","max-snippet":"max-snippet:-1","max-image-preview":"max-image-preview:large","max-video-preview":"max-video-preview:-1"},"canonical":"https:\/\/www.vigidaspack.lt\/es\/privacy-policy\/","og_locale":"es_ES","og_type":"article","og_title":"Privacy policy - Vigidas Pack","og_description":"This Privacy Policy describes our website privacy policy and procedures related to the collection and use of your information when you use the https:\/\/www.vigidaspack.lt\/ website.","og_url":"https:\/\/www.vigidaspack.lt\/es\/privacy-policy\/","og_site_name":"Vigidas Pack","article_modified_time":"2025-03-24T15:07:19+00:00","twitter_card":"summary_large_image","twitter_misc":{"Tiempo de lectura":"2 minutos"},"schema":{"@context":"https:\/\/schema.org","@graph":[{"@type":"WebPage","@id":"https:\/\/www.vigidaspack.lt\/fr\/privacy-policy\/","url":"https:\/\/www.vigidaspack.lt\/fr\/privacy-policy\/","name":"Privacy policy - Vigidas Pack","isPartOf":{"@id":"https:\/\/www.vigidaspack.lt\/#website"},"datePublished":"2023-09-11T09:17:35+00:00","dateModified":"2025-03-24T15:07:19+00:00","description":"This Privacy Policy describes our website privacy policy and procedures related to the collection and use of your information when you use the https:\/\/www.vigidaspack.lt\/ website.","breadcrumb":{"@id":"https:\/\/www.vigidaspack.lt\/fr\/privacy-policy\/#breadcrumb"},"inLanguage":"es","potentialAction":[{"@type":"ReadAction","target":["https:\/\/www.vigidaspack.lt\/fr\/privacy-policy\/"]}]},{"@type":"BreadcrumbList","@id":"https:\/\/www.vigidaspack.lt\/fr\/privacy-policy\/#breadcrumb","itemListElement":[{"@type":"ListItem","position":1,"name":"Home","item":"https:\/\/www.vigidaspack.lt\/"},{"@type":"ListItem","position":2,"name":"Privacy policy"}]},{"@type":"WebSite","@id":"https:\/\/www.vigidaspack.lt\/#website","url":"https:\/\/www.vigidaspack.lt\/","name":"Vigidas Pack","description":"PREMIUM EUROPEAN SAWMILL","publisher":{"@id":"https:\/\/www.vigidaspack.lt\/#organization"},"potentialAction":[{"@type":"SearchAction","target":{"@type":"EntryPoint","urlTemplate":"https:\/\/www.vigidaspack.lt\/?s={search_term_string}"},"query-input":{"@type":"PropertyValueSpecification","valueRequired":true,"valueName":"search_term_string"}}],"inLanguage":"es"},{"@type":"Organization","@id":"https:\/\/www.vigidaspack.lt\/#organization","name":"Vigidas Pack","url":"https:\/\/www.vigidaspack.lt\/","logo":{"@type":"ImageObject","inLanguage":"es","@id":"https:\/\/www.vigidaspack.lt\/#\/schema\/logo\/image\/","url":"https:\/\/www.vigidaspack.lt\/wp-content\/uploads\/2022\/01\/Picture-1.png","contentUrl":"https:\/\/www.vigidaspack.lt\/wp-content\/uploads\/2022\/01\/Picture-1.png","width":470,"height":214,"caption":"Vigidas Pack"},"image":{"@id":"https:\/\/www.vigidaspack.lt\/#\/schema\/logo\/image\/"}}]}},"_links":{"self":[{"href":"https:\/\/www.vigidaspack.lt\/es\/wp-json\/wp\/v2\/pages\/657","targetHints":{"allow":["GET"]}}],"collection":[{"href":"https:\/\/www.vigidaspack.lt\/es\/wp-json\/wp\/v2\/pages"}],"about":[{"href":"https:\/\/www.vigidaspack.lt\/es\/wp-json\/wp\/v2\/types\/page"}],"author":[{"embeddable":true,"href":"https:\/\/www.vigidaspack.lt\/es\/wp-json\/wp\/v2\/users\/1"}],"replies":[{"embeddable":true,"href":"https:\/\/www.vigidaspack.lt\/es\/wp-json\/wp\/v2\/comments?post=657"}],"version-history":[{"count":7,"href":"https:\/\/www.vigidaspack.lt\/es\/wp-json\/wp\/v2\/pages\/657\/revisions"}],"predecessor-version":[{"id":1966,"href":"https:\/\/www.vigidaspack.lt\/es\/wp-json\/wp\/v2\/pages\/657\/revisions\/1966"}],"wp:attachment":[{"href":"https:\/\/www.vigidaspack.lt\/es\/wp-json\/wp\/v2\/media?parent=657"}],"curies":[{"name":"wp","href":"https:\/\/api.w.org\/{rel}","templated":true}]}}