{"id":1623,"date":"2025-03-19T13:31:59","date_gmt":"2025-03-19T13:31:59","guid":{"rendered":"https:\/\/www.vigidaspack.lt\/?page_id=1623"},"modified":"2025-04-02T13:16:54","modified_gmt":"2025-04-02T13:16:54","slug":"thermo-wood","status":"publish","type":"page","link":"https:\/\/www.vigidaspack.lt\/fr\/thermo-wood\/","title":{"rendered":"Bois thermo"},"content":{"rendered":"<div data-elementor-type=\"wp-page\" data-elementor-id=\"1623\" class=\"elementor elementor-1623\">\n\t\t\t\t\t\t<section class=\"elementor-section elementor-top-section elementor-element elementor-element-728d98f elementor-section-boxed elementor-section-height-default elementor-section-height-default\" data-id=\"728d98f\" data-element_type=\"section\" data-settings=\"{&quot;background_background&quot;:&quot;classic&quot;}\">\n\t\t\t\t\t\t<div class=\"elementor-container elementor-column-gap-default\">\n\t\t\t\t\t<div class=\"elementor-column elementor-col-100 elementor-top-column elementor-element elementor-element-6bfb9d9\" data-id=\"6bfb9d9\" data-element_type=\"column\">\n\t\t\t<div class=\"elementor-widget-wrap elementor-element-populated\">\n\t\t\t\t\t\t<div class=\"elementor-element elementor-element-110bca1 elementor-widget elementor-widget-hfe-breadcrumbs-widget\" data-id=\"110bca1\" data-element_type=\"widget\" data-widget_type=\"hfe-breadcrumbs-widget.default\">\n\t\t\t\t<div class=\"elementor-widget-container\">\n\t\t\t\t\t<nav aria-label=\"Fil d&#039;Ariane\"><ul class=\"hfe-breadcrumbs hfe-breadcrumbs-show-home\"><li class=\"hfe-breadcrumbs-item hfe-breadcrumbs-first\"><span class=\"hfe-breadcrumbs-home-icon\"><i aria-hidden=\"true\" class=\"fas fa-home\"><\/i><\/span><a href=\"https:\/\/www.vigidaspack.lt\/fr\"><span class=\"hfe-breadcrumbs-text\">Maison<\/span><\/a><\/li><\/ul><\/nav>\t\t\t\t<\/div>\n\t\t\t\t<\/div>\n\t\t\t\t\t<\/div>\n\t\t<\/div>\n\t\t\t\t\t<\/div>\n\t\t<\/section>\n\t\t\t\t<section class=\"elementor-section elementor-top-section elementor-element elementor-element-4acf680 elementor-section-boxed elementor-section-height-default elementor-section-height-default\" data-id=\"4acf680\" data-element_type=\"section\">\n\t\t\t\t\t\t<div class=\"elementor-container elementor-column-gap-default\">\n\t\t\t\t\t<div class=\"elementor-column elementor-col-50 elementor-top-column elementor-element elementor-element-f069099\" data-id=\"f069099\" data-element_type=\"column\">\n\t\t\t<div class=\"elementor-widget-wrap elementor-element-populated\">\n\t\t\t\t\t\t<div class=\"elementor-element elementor-element-5fdab9c elementor-widget elementor-widget-heading\" data-id=\"5fdab9c\" data-element_type=\"widget\" data-widget_type=\"heading.default\">\n\t\t\t\t<div class=\"elementor-widget-container\">\n\t\t\t\t\t<h2 class=\"elementor-heading-title elementor-size-default\">Bois thermo<\/h2>\t\t\t\t<\/div>\n\t\t\t\t<\/div>\n\t\t\t\t<div class=\"elementor-element elementor-element-d858d4e elementor-widget elementor-widget-text-editor\" data-id=\"d858d4e\" data-element_type=\"widget\" data-widget_type=\"text-editor.default\">\n\t\t\t\t<div class=\"elementor-widget-container\">\n\t\t\t\t\t\t\t\t\t<p>Sp\u00e9cialement trait\u00e9 \u00e0 des temp\u00e9ratures de 160 \u00e0 230 \u00b0C, il est plus r\u00e9sistant \u00e0 l&#039;humidit\u00e9, \u00e0 la pourriture et aux parasites. Id\u00e9al pour les rev\u00eatements ext\u00e9rieurs, les terrasses, les fa\u00e7ades, les saunas et le mobilier.<\/p>\t\t\t\t\t\t\t\t<\/div>\n\t\t\t\t<\/div>\n\t\t\t\t\t<\/div>\n\t\t<\/div>\n\t\t\t\t<div class=\"elementor-column elementor-col-50 elementor-top-column elementor-element elementor-element-c71df68\" data-id=\"c71df68\" data-element_type=\"column\">\n\t\t\t<div class=\"elementor-widget-wrap elementor-element-populated\">\n\t\t\t\t\t\t<div class=\"elementor-element elementor-element-afdac76 elementor-widget__width-initial elementor-widget elementor-widget-image\" data-id=\"afdac76\" data-element_type=\"widget\" data-widget_type=\"image.default\">\n\t\t\t\t<div class=\"elementor-widget-container\">\n\t\t\t\t\t\t\t\t\t\t\t\t\t\t\t<img fetchpriority=\"high\" decoding=\"async\" width=\"1066\" height=\"1600\" src=\"https:\/\/www.vigidaspack.lt\/wp-content\/uploads\/2024\/10\/WhatsApp-Image-2024-06-28-at-08.24.48_9ab74c99.jpg\" class=\"attachment-full size-full wp-image-718\" alt=\"\" srcset=\"https:\/\/www.vigidaspack.lt\/wp-content\/uploads\/2024\/10\/WhatsApp-Image-2024-06-28-at-08.24.48_9ab74c99.jpg 1066w, https:\/\/www.vigidaspack.lt\/wp-content\/uploads\/2024\/10\/WhatsApp-Image-2024-06-28-at-08.24.48_9ab74c99-200x300.jpg 200w, https:\/\/www.vigidaspack.lt\/wp-content\/uploads\/2024\/10\/WhatsApp-Image-2024-06-28-at-08.24.48_9ab74c99-682x1024.jpg 682w, https:\/\/www.vigidaspack.lt\/wp-content\/uploads\/2024\/10\/WhatsApp-Image-2024-06-28-at-08.24.48_9ab74c99-768x1153.jpg 768w, https:\/\/www.vigidaspack.lt\/wp-content\/uploads\/2024\/10\/WhatsApp-Image-2024-06-28-at-08.24.48_9ab74c99-1023x1536.jpg 1023w\" sizes=\"(max-width: 1066px) 100vw, 1066px\" \/>\t\t\t\t\t\t\t\t\t\t\t\t\t\t\t<\/div>\n\t\t\t\t<\/div>\n\t\t\t\t\t<\/div>\n\t\t<\/div>\n\t\t\t\t\t<\/div>\n\t\t<\/section>\n\t\t\t\t<section class=\"elementor-section elementor-top-section elementor-element elementor-element-b2d51f1 elementor-section-stretched elementor-section-boxed elementor-section-height-default elementor-section-height-default\" data-id=\"b2d51f1\" data-element_type=\"section\" data-settings=\"{&quot;stretch_section&quot;:&quot;section-stretched&quot;,&quot;background_background&quot;:&quot;classic&quot;}\">\n\t\t\t\t\t\t\t<div class=\"elementor-background-overlay\"><\/div>\n\t\t\t\t\t\t\t<div class=\"elementor-container elementor-column-gap-default\">\n\t\t\t\t\t<div class=\"elementor-column elementor-col-50 elementor-top-column elementor-element elementor-element-3c05111\" data-id=\"3c05111\" data-element_type=\"column\">\n\t\t\t<div class=\"elementor-widget-wrap elementor-element-populated\">\n\t\t\t\t\t\t<div class=\"elementor-element elementor-element-88389e0 elementor-widget elementor-widget-counter\" data-id=\"88389e0\" data-element_type=\"widget\" data-widget_type=\"counter.default\">\n\t\t\t\t<div class=\"elementor-widget-container\">\n\t\t\t\t\t\t\t<div class=\"elementor-counter\">\n\t\t\t<div class=\"elementor-counter-title\">Des ann\u00e9es d&#039;exp\u00e9rience<\/div>\t\t\t<div class=\"elementor-counter-number-wrapper\">\n\t\t\t\t<span class=\"elementor-counter-number-prefix\">+<\/span>\n\t\t\t\t<span class=\"elementor-counter-number\" data-duration=\"2000\" data-to-value=\"30\" data-from-value=\"0\" data-delimiter=\",\">0<\/span>\n\t\t\t\t<span class=\"elementor-counter-number-suffix\"><\/span>\n\t\t\t<\/div>\n\t\t<\/div>\n\t\t\t\t\t\t<\/div>\n\t\t\t\t<\/div>\n\t\t\t\t<div class=\"elementor-element elementor-element-c57a34e elementor-widget elementor-widget-counter\" data-id=\"c57a34e\" data-element_type=\"widget\" data-widget_type=\"counter.default\">\n\t\t\t\t<div class=\"elementor-widget-container\">\n\t\t\t\t\t\t\t<div class=\"elementor-counter\">\n\t\t\t<div class=\"elementor-counter-title\">Employ\u00e9s<\/div>\t\t\t<div class=\"elementor-counter-number-wrapper\">\n\t\t\t\t<span class=\"elementor-counter-number-prefix\">+<\/span>\n\t\t\t\t<span class=\"elementor-counter-number\" data-duration=\"2000\" data-to-value=\"100\" data-from-value=\"0\" data-delimiter=\",\">0<\/span>\n\t\t\t\t<span class=\"elementor-counter-number-suffix\"><\/span>\n\t\t\t<\/div>\n\t\t<\/div>\n\t\t\t\t\t\t<\/div>\n\t\t\t\t<\/div>\n\t\t\t\t<div class=\"elementor-element elementor-element-8401639 elementor-widget elementor-widget-counter\" data-id=\"8401639\" data-element_type=\"widget\" data-widget_type=\"counter.default\">\n\t\t\t\t<div class=\"elementor-widget-container\">\n\t\t\t\t\t\t\t<div class=\"elementor-counter\">\n\t\t\t<div class=\"elementor-counter-title\">Pays d&#039;exportation<\/div>\t\t\t<div class=\"elementor-counter-number-wrapper\">\n\t\t\t\t<span class=\"elementor-counter-number-prefix\">+<\/span>\n\t\t\t\t<span class=\"elementor-counter-number\" data-duration=\"2000\" data-to-value=\"50\" data-from-value=\"0\" data-delimiter=\",\">0<\/span>\n\t\t\t\t<span class=\"elementor-counter-number-suffix\"><\/span>\n\t\t\t<\/div>\n\t\t<\/div>\n\t\t\t\t\t\t<\/div>\n\t\t\t\t<\/div>\n\t\t\t\t\t<\/div>\n\t\t<\/div>\n\t\t\t\t<div class=\"elementor-column elementor-col-50 elementor-top-column elementor-element elementor-element-0aecee9\" data-id=\"0aecee9\" data-element_type=\"column\">\n\t\t\t<div class=\"elementor-widget-wrap elementor-element-populated\">\n\t\t\t\t\t\t<div class=\"elementor-element elementor-element-2a977d4 elementor-widget elementor-widget-heading\" data-id=\"2a977d4\" data-element_type=\"widget\" data-widget_type=\"heading.default\">\n\t\t\t\t<div class=\"elementor-widget-container\">\n\t\t\t\t\t<h4 class=\"elementor-heading-title elementor-size-default\">Votre fournisseur de bois fiable<\/h4>\t\t\t\t<\/div>\n\t\t\t\t<\/div>\n\t\t\t\t<div class=\"elementor-element elementor-element-362ab82 elementor-widget elementor-widget-heading\" data-id=\"362ab82\" data-element_type=\"widget\" data-widget_type=\"heading.default\">\n\t\t\t\t<div class=\"elementor-widget-container\">\n\t\t\t\t\t<h2 class=\"elementor-heading-title elementor-size-default\">Vigidas Pack fournit un soutien logistique complet partout dans le monde<\/h2>\t\t\t\t<\/div>\n\t\t\t\t<\/div>\n\t\t\t\t\t<\/div>\n\t\t<\/div>\n\t\t\t\t\t<\/div>\n\t\t<\/section>\n\t\t\t\t<section class=\"elementor-section elementor-top-section elementor-element elementor-element-61b881a elementor-section-boxed elementor-section-height-default elementor-section-height-default\" data-id=\"61b881a\" data-element_type=\"section\">\n\t\t\t\t\t\t<div class=\"elementor-container elementor-column-gap-default\">\n\t\t\t\t\t<div class=\"elementor-column elementor-col-25 elementor-top-column elementor-element elementor-element-25693d8\" data-id=\"25693d8\" data-element_type=\"column\">\n\t\t\t<div class=\"elementor-widget-wrap elementor-element-populated\">\n\t\t\t\t\t\t<div class=\"elementor-element elementor-element-2b7286d elementor-widget elementor-widget-heading\" data-id=\"2b7286d\" data-element_type=\"widget\" data-widget_type=\"heading.default\">\n\t\t\t\t<div class=\"elementor-widget-container\">\n\t\t\t\t\t<h3 class=\"elementor-heading-title elementor-size-default\">Certificats<\/h3>\t\t\t\t<\/div>\n\t\t\t\t<\/div>\n\t\t\t\t<div class=\"elementor-element elementor-element-7fa9fee elementor-widget elementor-widget-text-editor\" data-id=\"7fa9fee\" data-element_type=\"widget\" data-widget_type=\"text-editor.default\">\n\t\t\t\t<div class=\"elementor-widget-container\">\n\t\t\t\t\t\t\t\t\t<p>Nos produits r\u00e9pondent \u00e0 des normes internationales strictes, garantissant fiabilit\u00e9, s\u00e9curit\u00e9 et durabilit\u00e9. Nous adh\u00e9rons aux normes de fabrication les plus strictes pour garantir durabilit\u00e9 et respect de l&#039;environnement.<\/p>\t\t\t\t\t\t\t\t<\/div>\n\t\t\t\t<\/div>\n\t\t\t\t<div class=\"elementor-element elementor-element-46d0642 elementor-widget elementor-widget-button\" data-id=\"46d0642\" data-element_type=\"widget\" data-widget_type=\"button.default\">\n\t\t\t\t<div class=\"elementor-widget-container\">\n\t\t\t\t\t\t\t\t\t<div class=\"elementor-button-wrapper\">\n\t\t\t\t\t<a class=\"elementor-button elementor-button-link elementor-size-sm elementor-animation-grow\" href=\"https:\/\/www.vigidaspack.lt\/fr\/certificates\/\">\n\t\t\t\t\t\t<span class=\"elementor-button-content-wrapper\">\n\t\t\t\t\t\t\t\t\t<span class=\"elementor-button-text\">\u00e0 propos des certificats<\/span>\n\t\t\t\t\t<\/span>\n\t\t\t\t\t<\/a>\n\t\t\t\t<\/div>\n\t\t\t\t\t\t\t\t<\/div>\n\t\t\t\t<\/div>\n\t\t\t\t\t<\/div>\n\t\t<\/div>\n\t\t\t\t<div class=\"elementor-column elementor-col-25 elementor-top-column elementor-element elementor-element-65f064b\" data-id=\"65f064b\" data-element_type=\"column\">\n\t\t\t<div class=\"elementor-widget-wrap elementor-element-populated\">\n\t\t\t\t\t\t<div class=\"elementor-element elementor-element-301e0c2 elementor-widget elementor-widget-image\" data-id=\"301e0c2\" data-element_type=\"widget\" data-widget_type=\"image.default\">\n\t\t\t\t<div class=\"elementor-widget-container\">\n\t\t\t\t\t\t\t\t\t\t\t\t\t\t\t<img decoding=\"async\" width=\"724\" height=\"1024\" src=\"https:\/\/www.vigidaspack.lt\/wp-content\/uploads\/2025\/03\/BS-Battens-sertifikatas_page-0001-724x1024.jpg\" class=\"attachment-large size-large wp-image-1975\" alt=\"\" srcset=\"https:\/\/www.vigidaspack.lt\/wp-content\/uploads\/2025\/03\/BS-Battens-sertifikatas_page-0001-724x1024.jpg 724w, https:\/\/www.vigidaspack.lt\/wp-content\/uploads\/2025\/03\/BS-Battens-sertifikatas_page-0001-212x300.jpg 212w, https:\/\/www.vigidaspack.lt\/wp-content\/uploads\/2025\/03\/BS-Battens-sertifikatas_page-0001-768x1086.jpg 768w, https:\/\/www.vigidaspack.lt\/wp-content\/uploads\/2025\/03\/BS-Battens-sertifikatas_page-0001-1086x1536.jpg 1086w, https:\/\/www.vigidaspack.lt\/wp-content\/uploads\/2025\/03\/BS-Battens-sertifikatas_page-0001-8x12.jpg 8w, https:\/\/www.vigidaspack.lt\/wp-content\/uploads\/2025\/03\/BS-Battens-sertifikatas_page-0001.jpg 1241w\" sizes=\"(max-width: 724px) 100vw, 724px\" \/>\t\t\t\t\t\t\t\t\t\t\t\t\t\t\t<\/div>\n\t\t\t\t<\/div>\n\t\t\t\t\t<\/div>\n\t\t<\/div>\n\t\t\t\t<div class=\"elementor-column elementor-col-25 elementor-top-column elementor-element elementor-element-dc09651\" data-id=\"dc09651\" data-element_type=\"column\">\n\t\t\t<div class=\"elementor-widget-wrap elementor-element-populated\">\n\t\t\t\t\t\t<div class=\"elementor-element elementor-element-3c840ba elementor-widget elementor-widget-image\" data-id=\"3c840ba\" data-element_type=\"widget\" data-widget_type=\"image.default\">\n\t\t\t\t<div class=\"elementor-widget-container\">\n\t\t\t\t\t\t\t\t\t\t\t\t\t\t\t<img decoding=\"async\" width=\"724\" height=\"1024\" src=\"https:\/\/www.vigidaspack.lt\/wp-content\/uploads\/2025\/03\/CE-sertifikatas-2023-new_page-0001-724x1024.jpg\" class=\"attachment-large size-large wp-image-1976\" alt=\"\" srcset=\"https:\/\/www.vigidaspack.lt\/wp-content\/uploads\/2025\/03\/CE-sertifikatas-2023-new_page-0001-724x1024.jpg 724w, https:\/\/www.vigidaspack.lt\/wp-content\/uploads\/2025\/03\/CE-sertifikatas-2023-new_page-0001-212x300.jpg 212w, https:\/\/www.vigidaspack.lt\/wp-content\/uploads\/2025\/03\/CE-sertifikatas-2023-new_page-0001-768x1086.jpg 768w, https:\/\/www.vigidaspack.lt\/wp-content\/uploads\/2025\/03\/CE-sertifikatas-2023-new_page-0001-1086x1536.jpg 1086w, https:\/\/www.vigidaspack.lt\/wp-content\/uploads\/2025\/03\/CE-sertifikatas-2023-new_page-0001-8x12.jpg 8w, https:\/\/www.vigidaspack.lt\/wp-content\/uploads\/2025\/03\/CE-sertifikatas-2023-new_page-0001.jpg 1241w\" sizes=\"(max-width: 724px) 100vw, 724px\" \/>\t\t\t\t\t\t\t\t\t\t\t\t\t\t\t<\/div>\n\t\t\t\t<\/div>\n\t\t\t\t\t<\/div>\n\t\t<\/div>\n\t\t\t\t<div class=\"elementor-column elementor-col-25 elementor-top-column elementor-element elementor-element-a030128\" data-id=\"a030128\" data-element_type=\"column\">\n\t\t\t<div class=\"elementor-widget-wrap elementor-element-populated\">\n\t\t\t\t\t\t<div class=\"elementor-element elementor-element-3bff594 elementor-widget elementor-widget-image\" data-id=\"3bff594\" data-element_type=\"widget\" data-widget_type=\"image.default\">\n\t\t\t\t<div class=\"elementor-widget-container\">\n\t\t\t\t\t\t\t\t\t\t\t\t\t\t\t<img loading=\"lazy\" decoding=\"async\" width=\"724\" height=\"1024\" src=\"https:\/\/www.vigidaspack.lt\/wp-content\/uploads\/2025\/03\/Licence-Certificate-LT-003-1-2025_page-0001-724x1024.jpg\" class=\"attachment-large size-large wp-image-1978\" alt=\"\" srcset=\"https:\/\/www.vigidaspack.lt\/wp-content\/uploads\/2025\/03\/Licence-Certificate-LT-003-1-2025_page-0001-724x1024.jpg 724w, https:\/\/www.vigidaspack.lt\/wp-content\/uploads\/2025\/03\/Licence-Certificate-LT-003-1-2025_page-0001-212x300.jpg 212w, https:\/\/www.vigidaspack.lt\/wp-content\/uploads\/2025\/03\/Licence-Certificate-LT-003-1-2025_page-0001-768x1087.jpg 768w, https:\/\/www.vigidaspack.lt\/wp-content\/uploads\/2025\/03\/Licence-Certificate-LT-003-1-2025_page-0001-1085x1536.jpg 1085w, https:\/\/www.vigidaspack.lt\/wp-content\/uploads\/2025\/03\/Licence-Certificate-LT-003-1-2025_page-0001-8x12.jpg 8w, https:\/\/www.vigidaspack.lt\/wp-content\/uploads\/2025\/03\/Licence-Certificate-LT-003-1-2025_page-0001.jpg 1240w\" sizes=\"(max-width: 724px) 100vw, 724px\" \/>\t\t\t\t\t\t\t\t\t\t\t\t\t\t\t<\/div>\n\t\t\t\t<\/div>\n\t\t\t\t\t<\/div>\n\t\t<\/div>\n\t\t\t\t\t<\/div>\n\t\t<\/section>\n\t\t\t\t<\/div>","protected":false},"excerpt":{"rendered":"<p>Accueil Bois thermo-trait\u00e9. Sp\u00e9cialement trait\u00e9 \u00e0 des temp\u00e9ratures de 160 \u00e0 230 \u00b0C, il est plus r\u00e9sistant \u00e0 l&#039;humidit\u00e9, \u00e0 la pourriture et aux parasites. Id\u00e9al pour les rev\u00eatements ext\u00e9rieurs, les terrasses, les fa\u00e7ades, les saunas et le mobilier. Ann\u00e9es d&#039;exp\u00e9rience + 0 Employ\u00e9s + 0 Pays d&#039;exportation + 0 Votre fournisseur de bois fiable. Vigidas Pack offre un soutien logistique complet dans le monde entier [\u2026]<\/p>","protected":false},"author":1,"featured_media":0,"parent":0,"menu_order":0,"comment_status":"closed","ping_status":"closed","template":"elementor_header_footer","meta":{"footnotes":""},"class_list":["post-1623","page","type-page","status-publish","hentry"],"yoast_head":"<!-- This site is optimized with the Yoast SEO plugin v25.0 - https:\/\/yoast.com\/wordpress\/plugins\/seo\/ -->\n<title>Thermo wood - Vigidas Pack<\/title>\n<meta name=\"description\" content=\"Thermo wood is heat-treated timber known for its enhanced durability, stability, and resistance to decay.\" \/>\n<meta name=\"robots\" content=\"index, follow, max-snippet:-1, max-image-preview:large, max-video-preview:-1\" \/>\n<link rel=\"canonical\" href=\"https:\/\/www.vigidaspack.lt\/fr\/thermo-wood\/\" \/>\n<meta property=\"og:locale\" content=\"fr_FR\" \/>\n<meta property=\"og:type\" content=\"article\" \/>\n<meta property=\"og:title\" content=\"Thermo wood - Vigidas Pack\" \/>\n<meta property=\"og:description\" content=\"Thermo wood is heat-treated timber known for its enhanced durability, stability, and resistance to decay.\" \/>\n<meta property=\"og:url\" content=\"https:\/\/www.vigidaspack.lt\/fr\/thermo-wood\/\" \/>\n<meta property=\"og:site_name\" content=\"Vigidas Pack\" \/>\n<meta property=\"article:modified_time\" content=\"2025-04-02T13:16:54+00:00\" \/>\n<meta property=\"og:image\" content=\"http:\/\/www.vigidaspack.lt\/wp-content\/uploads\/2024\/10\/WhatsApp-Image-2024-06-28-at-08.24.48_9ab74c99.jpg\" \/>\n<meta name=\"twitter:card\" content=\"summary_large_image\" \/>\n<meta name=\"twitter:label1\" content=\"Dur\u00e9e de lecture estim\u00e9e\" \/>\n\t<meta name=\"twitter:data1\" content=\"2 minutes\" \/>\n<script type=\"application\/ld+json\" class=\"yoast-schema-graph\">{\"@context\":\"https:\/\/schema.org\",\"@graph\":[{\"@type\":\"WebPage\",\"@id\":\"https:\/\/www.vigidaspack.lt\/thermo-wood\/\",\"url\":\"https:\/\/www.vigidaspack.lt\/thermo-wood\/\",\"name\":\"Thermo wood - Vigidas Pack\",\"isPartOf\":{\"@id\":\"https:\/\/www.vigidaspack.lt\/#website\"},\"primaryImageOfPage\":{\"@id\":\"https:\/\/www.vigidaspack.lt\/thermo-wood\/#primaryimage\"},\"image\":{\"@id\":\"https:\/\/www.vigidaspack.lt\/thermo-wood\/#primaryimage\"},\"thumbnailUrl\":\"http:\/\/www.vigidaspack.lt\/wp-content\/uploads\/2024\/10\/WhatsApp-Image-2024-06-28-at-08.24.48_9ab74c99.jpg\",\"datePublished\":\"2025-03-19T13:31:59+00:00\",\"dateModified\":\"2025-04-02T13:16:54+00:00\",\"description\":\"Thermo wood is heat-treated timber known for its enhanced durability, stability, and resistance to decay.\",\"breadcrumb\":{\"@id\":\"https:\/\/www.vigidaspack.lt\/thermo-wood\/#breadcrumb\"},\"inLanguage\":\"fr-FR\",\"potentialAction\":[{\"@type\":\"ReadAction\",\"target\":[\"https:\/\/www.vigidaspack.lt\/thermo-wood\/\"]}]},{\"@type\":\"ImageObject\",\"inLanguage\":\"fr-FR\",\"@id\":\"https:\/\/www.vigidaspack.lt\/thermo-wood\/#primaryimage\",\"url\":\"http:\/\/www.vigidaspack.lt\/wp-content\/uploads\/2024\/10\/WhatsApp-Image-2024-06-28-at-08.24.48_9ab74c99.jpg\",\"contentUrl\":\"http:\/\/www.vigidaspack.lt\/wp-content\/uploads\/2024\/10\/WhatsApp-Image-2024-06-28-at-08.24.48_9ab74c99.jpg\"},{\"@type\":\"BreadcrumbList\",\"@id\":\"https:\/\/www.vigidaspack.lt\/thermo-wood\/#breadcrumb\",\"itemListElement\":[{\"@type\":\"ListItem\",\"position\":1,\"name\":\"Home\",\"item\":\"https:\/\/www.vigidaspack.lt\/\"},{\"@type\":\"ListItem\",\"position\":2,\"name\":\"Thermo wood\"}]},{\"@type\":\"WebSite\",\"@id\":\"https:\/\/www.vigidaspack.lt\/#website\",\"url\":\"https:\/\/www.vigidaspack.lt\/\",\"name\":\"Vigidas Pack\",\"description\":\"PREMIUM EUROPEAN SAWMILL\",\"publisher\":{\"@id\":\"https:\/\/www.vigidaspack.lt\/#organization\"},\"potentialAction\":[{\"@type\":\"SearchAction\",\"target\":{\"@type\":\"EntryPoint\",\"urlTemplate\":\"https:\/\/www.vigidaspack.lt\/?s={search_term_string}\"},\"query-input\":{\"@type\":\"PropertyValueSpecification\",\"valueRequired\":true,\"valueName\":\"search_term_string\"}}],\"inLanguage\":\"fr-FR\"},{\"@type\":\"Organization\",\"@id\":\"https:\/\/www.vigidaspack.lt\/#organization\",\"name\":\"Vigidas Pack\",\"url\":\"https:\/\/www.vigidaspack.lt\/\",\"logo\":{\"@type\":\"ImageObject\",\"inLanguage\":\"fr-FR\",\"@id\":\"https:\/\/www.vigidaspack.lt\/#\/schema\/logo\/image\/\",\"url\":\"https:\/\/www.vigidaspack.lt\/wp-content\/uploads\/2022\/01\/Picture-1.png\",\"contentUrl\":\"https:\/\/www.vigidaspack.lt\/wp-content\/uploads\/2022\/01\/Picture-1.png\",\"width\":470,\"height\":214,\"caption\":\"Vigidas Pack\"},\"image\":{\"@id\":\"https:\/\/www.vigidaspack.lt\/#\/schema\/logo\/image\/\"}}]}<\/script>\n<!-- \/ Yoast SEO plugin. -->","yoast_head_json":{"title":"Thermo wood - Vigidas Pack","description":"Thermo wood is heat-treated timber known for its enhanced durability, stability, and resistance to decay.","robots":{"index":"index","follow":"follow","max-snippet":"max-snippet:-1","max-image-preview":"max-image-preview:large","max-video-preview":"max-video-preview:-1"},"canonical":"https:\/\/www.vigidaspack.lt\/fr\/thermo-wood\/","og_locale":"fr_FR","og_type":"article","og_title":"Thermo wood - Vigidas Pack","og_description":"Thermo wood is heat-treated timber known for its enhanced durability, stability, and resistance to decay.","og_url":"https:\/\/www.vigidaspack.lt\/fr\/thermo-wood\/","og_site_name":"Vigidas Pack","article_modified_time":"2025-04-02T13:16:54+00:00","og_image":[{"url":"http:\/\/www.vigidaspack.lt\/wp-content\/uploads\/2024\/10\/WhatsApp-Image-2024-06-28-at-08.24.48_9ab74c99.jpg","type":"","width":"","height":""}],"twitter_card":"summary_large_image","twitter_misc":{"Dur\u00e9e de lecture estim\u00e9e":"2 minutes"},"schema":{"@context":"https:\/\/schema.org","@graph":[{"@type":"WebPage","@id":"https:\/\/www.vigidaspack.lt\/thermo-wood\/","url":"https:\/\/www.vigidaspack.lt\/thermo-wood\/","name":"Thermo wood - Vigidas Pack","isPartOf":{"@id":"https:\/\/www.vigidaspack.lt\/#website"},"primaryImageOfPage":{"@id":"https:\/\/www.vigidaspack.lt\/thermo-wood\/#primaryimage"},"image":{"@id":"https:\/\/www.vigidaspack.lt\/thermo-wood\/#primaryimage"},"thumbnailUrl":"http:\/\/www.vigidaspack.lt\/wp-content\/uploads\/2024\/10\/WhatsApp-Image-2024-06-28-at-08.24.48_9ab74c99.jpg","datePublished":"2025-03-19T13:31:59+00:00","dateModified":"2025-04-02T13:16:54+00:00","description":"Thermo wood is heat-treated timber known for its enhanced durability, stability, and resistance to decay.","breadcrumb":{"@id":"https:\/\/www.vigidaspack.lt\/thermo-wood\/#breadcrumb"},"inLanguage":"fr-FR","potentialAction":[{"@type":"ReadAction","target":["https:\/\/www.vigidaspack.lt\/thermo-wood\/"]}]},{"@type":"ImageObject","inLanguage":"fr-FR","@id":"https:\/\/www.vigidaspack.lt\/thermo-wood\/#primaryimage","url":"http:\/\/www.vigidaspack.lt\/wp-content\/uploads\/2024\/10\/WhatsApp-Image-2024-06-28-at-08.24.48_9ab74c99.jpg","contentUrl":"http:\/\/www.vigidaspack.lt\/wp-content\/uploads\/2024\/10\/WhatsApp-Image-2024-06-28-at-08.24.48_9ab74c99.jpg"},{"@type":"BreadcrumbList","@id":"https:\/\/www.vigidaspack.lt\/thermo-wood\/#breadcrumb","itemListElement":[{"@type":"ListItem","position":1,"name":"Home","item":"https:\/\/www.vigidaspack.lt\/"},{"@type":"ListItem","position":2,"name":"Thermo wood"}]},{"@type":"WebSite","@id":"https:\/\/www.vigidaspack.lt\/#website","url":"https:\/\/www.vigidaspack.lt\/","name":"Vigidas Pack","description":"PREMIUM EUROPEAN SAWMILL","publisher":{"@id":"https:\/\/www.vigidaspack.lt\/#organization"},"potentialAction":[{"@type":"SearchAction","target":{"@type":"EntryPoint","urlTemplate":"https:\/\/www.vigidaspack.lt\/?s={search_term_string}"},"query-input":{"@type":"PropertyValueSpecification","valueRequired":true,"valueName":"search_term_string"}}],"inLanguage":"fr-FR"},{"@type":"Organization","@id":"https:\/\/www.vigidaspack.lt\/#organization","name":"Vigidas Pack","url":"https:\/\/www.vigidaspack.lt\/","logo":{"@type":"ImageObject","inLanguage":"fr-FR","@id":"https:\/\/www.vigidaspack.lt\/#\/schema\/logo\/image\/","url":"https:\/\/www.vigidaspack.lt\/wp-content\/uploads\/2022\/01\/Picture-1.png","contentUrl":"https:\/\/www.vigidaspack.lt\/wp-content\/uploads\/2022\/01\/Picture-1.png","width":470,"height":214,"caption":"Vigidas Pack"},"image":{"@id":"https:\/\/www.vigidaspack.lt\/#\/schema\/logo\/image\/"}}]}},"_links":{"self":[{"href":"https:\/\/www.vigidaspack.lt\/fr\/wp-json\/wp\/v2\/pages\/1623","targetHints":{"allow":["GET"]}}],"collection":[{"href":"https:\/\/www.vigidaspack.lt\/fr\/wp-json\/wp\/v2\/pages"}],"about":[{"href":"https:\/\/www.vigidaspack.lt\/fr\/wp-json\/wp\/v2\/types\/page"}],"author":[{"embeddable":true,"href":"https:\/\/www.vigidaspack.lt\/fr\/wp-json\/wp\/v2\/users\/1"}],"replies":[{"embeddable":true,"href":"https:\/\/www.vigidaspack.lt\/fr\/wp-json\/wp\/v2\/comments?post=1623"}],"version-history":[{"count":61,"href":"https:\/\/www.vigidaspack.lt\/fr\/wp-json\/wp\/v2\/pages\/1623\/revisions"}],"predecessor-version":[{"id":2127,"href":"https:\/\/www.vigidaspack.lt\/fr\/wp-json\/wp\/v2\/pages\/1623\/revisions\/2127"}],"wp:attachment":[{"href":"https:\/\/www.vigidaspack.lt\/fr\/wp-json\/wp\/v2\/media?parent=1623"}],"curies":[{"name":"wp","href":"https:\/\/api.w.org\/{rel}","templated":true}]}}