{"id":2032,"date":"2025-04-02T11:02:35","date_gmt":"2025-04-02T11:02:35","guid":{"rendered":"https:\/\/www.vigidaspack.lt\/?page_id=2032"},"modified":"2025-04-02T13:17:11","modified_gmt":"2025-04-02T13:17:11","slug":"wooden-pallet-components","status":"publish","type":"page","link":"https:\/\/www.vigidaspack.lt\/fr\/wooden-pallet-components\/","title":{"rendered":"Composants de palettes en bois"},"content":{"rendered":"<div data-elementor-type=\"wp-page\" data-elementor-id=\"2032\" class=\"elementor elementor-2032\">\n\t\t\t\t\t\t<section class=\"elementor-section elementor-top-section elementor-element elementor-element-3e9b83e elementor-section-boxed elementor-section-height-default elementor-section-height-default\" data-id=\"3e9b83e\" data-element_type=\"section\" data-settings=\"{&quot;background_background&quot;:&quot;classic&quot;}\">\n\t\t\t\t\t\t<div class=\"elementor-container elementor-column-gap-default\">\n\t\t\t\t\t<div class=\"elementor-column elementor-col-100 elementor-top-column elementor-element elementor-element-26165da\" data-id=\"26165da\" data-element_type=\"column\">\n\t\t\t<div class=\"elementor-widget-wrap elementor-element-populated\">\n\t\t\t\t\t\t<div class=\"elementor-element elementor-element-e9e4efe elementor-widget elementor-widget-hfe-breadcrumbs-widget\" data-id=\"e9e4efe\" data-element_type=\"widget\" data-widget_type=\"hfe-breadcrumbs-widget.default\">\n\t\t\t\t<div class=\"elementor-widget-container\">\n\t\t\t\t\t<nav aria-label=\"Fil d&#039;Ariane\"><ul class=\"hfe-breadcrumbs hfe-breadcrumbs-show-home\"><li class=\"hfe-breadcrumbs-item hfe-breadcrumbs-first\"><span class=\"hfe-breadcrumbs-home-icon\"><i aria-hidden=\"true\" class=\"fas fa-home\"><\/i><\/span><a href=\"https:\/\/www.vigidaspack.lt\/fr\"><span class=\"hfe-breadcrumbs-text\">Maison<\/span><\/a><\/li><\/ul><\/nav>\t\t\t\t<\/div>\n\t\t\t\t<\/div>\n\t\t\t\t\t<\/div>\n\t\t<\/div>\n\t\t\t\t\t<\/div>\n\t\t<\/section>\n\t\t\t\t<section class=\"elementor-section elementor-top-section elementor-element elementor-element-a9512f7 elementor-section-boxed elementor-section-height-default elementor-section-height-default\" data-id=\"a9512f7\" data-element_type=\"section\">\n\t\t\t\t\t\t<div class=\"elementor-container elementor-column-gap-default\">\n\t\t\t\t\t<div class=\"elementor-column elementor-col-50 elementor-top-column elementor-element elementor-element-e4cc8d1\" data-id=\"e4cc8d1\" data-element_type=\"column\">\n\t\t\t<div class=\"elementor-widget-wrap elementor-element-populated\">\n\t\t\t\t\t\t<div class=\"elementor-element elementor-element-3fe57ce elementor-widget elementor-widget-heading\" data-id=\"3fe57ce\" data-element_type=\"widget\" data-widget_type=\"heading.default\">\n\t\t\t\t<div class=\"elementor-widget-container\">\n\t\t\t\t\t<h2 class=\"elementor-heading-title elementor-size-default\">Composants de palettes en bois<\/h2>\t\t\t\t<\/div>\n\t\t\t\t<\/div>\n\t\t\t\t<div class=\"elementor-element elementor-element-480b1d2 elementor-widget elementor-widget-text-editor\" data-id=\"480b1d2\" data-element_type=\"widget\" data-widget_type=\"text-editor.default\">\n\t\t\t\t<div class=\"elementor-widget-container\">\n\t\t\t\t\t\t\t\t\t<p>Utilis\u00e9 pour les palettes, les caisses et les mat\u00e9riaux d&#039;emballage. Disponible sous forme naturelle, s\u00e9ch\u00e9e ou trait\u00e9e chimiquement. Fabriqu\u00e9 \u00e0 partir de bois tendre et de bois dur, avec diff\u00e9rentes qualit\u00e9s.<\/p>\t\t\t\t\t\t\t\t<\/div>\n\t\t\t\t<\/div>\n\t\t\t\t\t<\/div>\n\t\t<\/div>\n\t\t\t\t<div class=\"elementor-column elementor-col-50 elementor-top-column elementor-element elementor-element-db71495\" data-id=\"db71495\" data-element_type=\"column\">\n\t\t\t<div class=\"elementor-widget-wrap elementor-element-populated\">\n\t\t\t\t\t\t<div class=\"elementor-element elementor-element-70575bc elementor-widget elementor-widget-image\" data-id=\"70575bc\" data-element_type=\"widget\" data-widget_type=\"image.default\">\n\t\t\t\t<div class=\"elementor-widget-container\">\n\t\t\t\t\t\t\t\t\t\t\t\t\t\t\t<img fetchpriority=\"high\" decoding=\"async\" width=\"988\" height=\"993\" src=\"https:\/\/www.vigidaspack.lt\/wp-content\/uploads\/2023\/04\/Untitled.jpg\" class=\"attachment-full size-full wp-image-458\" alt=\"\" srcset=\"https:\/\/www.vigidaspack.lt\/wp-content\/uploads\/2023\/04\/Untitled.jpg 988w, https:\/\/www.vigidaspack.lt\/wp-content\/uploads\/2023\/04\/Untitled-298x300.jpg 298w, https:\/\/www.vigidaspack.lt\/wp-content\/uploads\/2023\/04\/Untitled-150x150.jpg 150w, https:\/\/www.vigidaspack.lt\/wp-content\/uploads\/2023\/04\/Untitled-768x772.jpg 768w\" sizes=\"(max-width: 988px) 100vw, 988px\" \/>\t\t\t\t\t\t\t\t\t\t\t\t\t\t\t<\/div>\n\t\t\t\t<\/div>\n\t\t\t\t\t<\/div>\n\t\t<\/div>\n\t\t\t\t\t<\/div>\n\t\t<\/section>\n\t\t\t\t<section class=\"elementor-section elementor-top-section elementor-element elementor-element-d7747cb elementor-section-stretched elementor-section-boxed elementor-section-height-default elementor-section-height-default\" data-id=\"d7747cb\" data-element_type=\"section\" data-settings=\"{&quot;stretch_section&quot;:&quot;section-stretched&quot;,&quot;background_background&quot;:&quot;classic&quot;}\">\n\t\t\t\t\t\t\t<div class=\"elementor-background-overlay\"><\/div>\n\t\t\t\t\t\t\t<div class=\"elementor-container elementor-column-gap-default\">\n\t\t\t\t\t<div class=\"elementor-column elementor-col-50 elementor-top-column elementor-element elementor-element-8881ed7\" data-id=\"8881ed7\" data-element_type=\"column\">\n\t\t\t<div class=\"elementor-widget-wrap elementor-element-populated\">\n\t\t\t\t\t\t<div class=\"elementor-element elementor-element-31c280d elementor-widget elementor-widget-counter\" data-id=\"31c280d\" data-element_type=\"widget\" data-widget_type=\"counter.default\">\n\t\t\t\t<div class=\"elementor-widget-container\">\n\t\t\t\t\t\t\t<div class=\"elementor-counter\">\n\t\t\t<div class=\"elementor-counter-title\">Des ann\u00e9es d&#039;exp\u00e9rience<\/div>\t\t\t<div class=\"elementor-counter-number-wrapper\">\n\t\t\t\t<span class=\"elementor-counter-number-prefix\">+<\/span>\n\t\t\t\t<span class=\"elementor-counter-number\" data-duration=\"2000\" data-to-value=\"30\" data-from-value=\"0\" data-delimiter=\",\">0<\/span>\n\t\t\t\t<span class=\"elementor-counter-number-suffix\"><\/span>\n\t\t\t<\/div>\n\t\t<\/div>\n\t\t\t\t\t\t<\/div>\n\t\t\t\t<\/div>\n\t\t\t\t<div class=\"elementor-element elementor-element-f0b3c09 elementor-widget elementor-widget-counter\" data-id=\"f0b3c09\" data-element_type=\"widget\" data-widget_type=\"counter.default\">\n\t\t\t\t<div class=\"elementor-widget-container\">\n\t\t\t\t\t\t\t<div class=\"elementor-counter\">\n\t\t\t<div class=\"elementor-counter-title\">Employ\u00e9s<\/div>\t\t\t<div class=\"elementor-counter-number-wrapper\">\n\t\t\t\t<span class=\"elementor-counter-number-prefix\">+<\/span>\n\t\t\t\t<span class=\"elementor-counter-number\" data-duration=\"2000\" data-to-value=\"100\" data-from-value=\"0\" data-delimiter=\",\">0<\/span>\n\t\t\t\t<span class=\"elementor-counter-number-suffix\"><\/span>\n\t\t\t<\/div>\n\t\t<\/div>\n\t\t\t\t\t\t<\/div>\n\t\t\t\t<\/div>\n\t\t\t\t<div class=\"elementor-element elementor-element-6266a54 elementor-widget elementor-widget-counter\" data-id=\"6266a54\" data-element_type=\"widget\" data-widget_type=\"counter.default\">\n\t\t\t\t<div class=\"elementor-widget-container\">\n\t\t\t\t\t\t\t<div class=\"elementor-counter\">\n\t\t\t<div class=\"elementor-counter-title\">Pays d&#039;exportation<\/div>\t\t\t<div class=\"elementor-counter-number-wrapper\">\n\t\t\t\t<span class=\"elementor-counter-number-prefix\">+<\/span>\n\t\t\t\t<span class=\"elementor-counter-number\" data-duration=\"2000\" data-to-value=\"50\" data-from-value=\"0\" data-delimiter=\",\">0<\/span>\n\t\t\t\t<span class=\"elementor-counter-number-suffix\"><\/span>\n\t\t\t<\/div>\n\t\t<\/div>\n\t\t\t\t\t\t<\/div>\n\t\t\t\t<\/div>\n\t\t\t\t\t<\/div>\n\t\t<\/div>\n\t\t\t\t<div class=\"elementor-column elementor-col-50 elementor-top-column elementor-element elementor-element-615025e\" data-id=\"615025e\" data-element_type=\"column\">\n\t\t\t<div class=\"elementor-widget-wrap elementor-element-populated\">\n\t\t\t\t\t\t<div class=\"elementor-element elementor-element-ec8541d elementor-widget elementor-widget-heading\" data-id=\"ec8541d\" data-element_type=\"widget\" data-widget_type=\"heading.default\">\n\t\t\t\t<div class=\"elementor-widget-container\">\n\t\t\t\t\t<h4 class=\"elementor-heading-title elementor-size-default\">Votre fournisseur de bois fiable<\/h4>\t\t\t\t<\/div>\n\t\t\t\t<\/div>\n\t\t\t\t<div class=\"elementor-element elementor-element-01b5f91 elementor-widget elementor-widget-heading\" data-id=\"01b5f91\" data-element_type=\"widget\" data-widget_type=\"heading.default\">\n\t\t\t\t<div class=\"elementor-widget-container\">\n\t\t\t\t\t<h2 class=\"elementor-heading-title elementor-size-default\">Vigidas Pack fournit un soutien logistique complet partout dans le monde<\/h2>\t\t\t\t<\/div>\n\t\t\t\t<\/div>\n\t\t\t\t\t<\/div>\n\t\t<\/div>\n\t\t\t\t\t<\/div>\n\t\t<\/section>\n\t\t\t\t<section class=\"elementor-section elementor-top-section elementor-element elementor-element-f5cdd7a elementor-section-boxed elementor-section-height-default elementor-section-height-default\" data-id=\"f5cdd7a\" data-element_type=\"section\">\n\t\t\t\t\t\t<div class=\"elementor-container elementor-column-gap-default\">\n\t\t\t\t\t<div class=\"elementor-column elementor-col-25 elementor-top-column elementor-element elementor-element-d132280\" data-id=\"d132280\" data-element_type=\"column\">\n\t\t\t<div class=\"elementor-widget-wrap elementor-element-populated\">\n\t\t\t\t\t\t<div class=\"elementor-element elementor-element-8b6f795 elementor-widget elementor-widget-heading\" data-id=\"8b6f795\" data-element_type=\"widget\" data-widget_type=\"heading.default\">\n\t\t\t\t<div class=\"elementor-widget-container\">\n\t\t\t\t\t<h3 class=\"elementor-heading-title elementor-size-default\">Certificats<\/h3>\t\t\t\t<\/div>\n\t\t\t\t<\/div>\n\t\t\t\t<div class=\"elementor-element elementor-element-9f27398 elementor-widget elementor-widget-text-editor\" data-id=\"9f27398\" data-element_type=\"widget\" data-widget_type=\"text-editor.default\">\n\t\t\t\t<div class=\"elementor-widget-container\">\n\t\t\t\t\t\t\t\t\t<p>Nos produits r\u00e9pondent \u00e0 des normes internationales strictes, garantissant fiabilit\u00e9, s\u00e9curit\u00e9 et durabilit\u00e9. Nous adh\u00e9rons aux normes de fabrication les plus strictes pour garantir durabilit\u00e9 et respect de l&#039;environnement.<\/p>\t\t\t\t\t\t\t\t<\/div>\n\t\t\t\t<\/div>\n\t\t\t\t<div class=\"elementor-element elementor-element-92f5c90 elementor-widget elementor-widget-button\" data-id=\"92f5c90\" data-element_type=\"widget\" data-widget_type=\"button.default\">\n\t\t\t\t<div class=\"elementor-widget-container\">\n\t\t\t\t\t\t\t\t\t<div class=\"elementor-button-wrapper\">\n\t\t\t\t\t<a class=\"elementor-button elementor-button-link elementor-size-sm elementor-animation-grow\" href=\"https:\/\/www.vigidaspack.lt\/fr\/certificates\/\">\n\t\t\t\t\t\t<span class=\"elementor-button-content-wrapper\">\n\t\t\t\t\t\t\t\t\t<span class=\"elementor-button-text\">\u00e0 propos des certificats<\/span>\n\t\t\t\t\t<\/span>\n\t\t\t\t\t<\/a>\n\t\t\t\t<\/div>\n\t\t\t\t\t\t\t\t<\/div>\n\t\t\t\t<\/div>\n\t\t\t\t\t<\/div>\n\t\t<\/div>\n\t\t\t\t<div class=\"elementor-column elementor-col-25 elementor-top-column elementor-element elementor-element-f45f5bf\" data-id=\"f45f5bf\" data-element_type=\"column\">\n\t\t\t<div class=\"elementor-widget-wrap elementor-element-populated\">\n\t\t\t\t\t\t<div class=\"elementor-element elementor-element-e768c10 elementor-widget elementor-widget-image\" data-id=\"e768c10\" data-element_type=\"widget\" data-widget_type=\"image.default\">\n\t\t\t\t<div class=\"elementor-widget-container\">\n\t\t\t\t\t\t\t\t\t\t\t\t\t\t\t<img decoding=\"async\" width=\"724\" height=\"1024\" src=\"https:\/\/www.vigidaspack.lt\/wp-content\/uploads\/2025\/03\/BS-Battens-sertifikatas_page-0001-724x1024.jpg\" class=\"attachment-large size-large wp-image-1975\" alt=\"\" srcset=\"https:\/\/www.vigidaspack.lt\/wp-content\/uploads\/2025\/03\/BS-Battens-sertifikatas_page-0001-724x1024.jpg 724w, https:\/\/www.vigidaspack.lt\/wp-content\/uploads\/2025\/03\/BS-Battens-sertifikatas_page-0001-212x300.jpg 212w, https:\/\/www.vigidaspack.lt\/wp-content\/uploads\/2025\/03\/BS-Battens-sertifikatas_page-0001-768x1086.jpg 768w, https:\/\/www.vigidaspack.lt\/wp-content\/uploads\/2025\/03\/BS-Battens-sertifikatas_page-0001-1086x1536.jpg 1086w, https:\/\/www.vigidaspack.lt\/wp-content\/uploads\/2025\/03\/BS-Battens-sertifikatas_page-0001-8x12.jpg 8w, https:\/\/www.vigidaspack.lt\/wp-content\/uploads\/2025\/03\/BS-Battens-sertifikatas_page-0001.jpg 1241w\" sizes=\"(max-width: 724px) 100vw, 724px\" \/>\t\t\t\t\t\t\t\t\t\t\t\t\t\t\t<\/div>\n\t\t\t\t<\/div>\n\t\t\t\t\t<\/div>\n\t\t<\/div>\n\t\t\t\t<div class=\"elementor-column elementor-col-25 elementor-top-column elementor-element elementor-element-6db112f\" data-id=\"6db112f\" data-element_type=\"column\">\n\t\t\t<div class=\"elementor-widget-wrap elementor-element-populated\">\n\t\t\t\t\t\t<div class=\"elementor-element elementor-element-595737a elementor-widget elementor-widget-image\" data-id=\"595737a\" data-element_type=\"widget\" data-widget_type=\"image.default\">\n\t\t\t\t<div class=\"elementor-widget-container\">\n\t\t\t\t\t\t\t\t\t\t\t\t\t\t\t<img decoding=\"async\" width=\"724\" height=\"1024\" src=\"https:\/\/www.vigidaspack.lt\/wp-content\/uploads\/2025\/03\/CE-sertifikatas-2023-new_page-0001-724x1024.jpg\" class=\"attachment-large size-large wp-image-1976\" alt=\"\" srcset=\"https:\/\/www.vigidaspack.lt\/wp-content\/uploads\/2025\/03\/CE-sertifikatas-2023-new_page-0001-724x1024.jpg 724w, https:\/\/www.vigidaspack.lt\/wp-content\/uploads\/2025\/03\/CE-sertifikatas-2023-new_page-0001-212x300.jpg 212w, https:\/\/www.vigidaspack.lt\/wp-content\/uploads\/2025\/03\/CE-sertifikatas-2023-new_page-0001-768x1086.jpg 768w, https:\/\/www.vigidaspack.lt\/wp-content\/uploads\/2025\/03\/CE-sertifikatas-2023-new_page-0001-1086x1536.jpg 1086w, https:\/\/www.vigidaspack.lt\/wp-content\/uploads\/2025\/03\/CE-sertifikatas-2023-new_page-0001-8x12.jpg 8w, https:\/\/www.vigidaspack.lt\/wp-content\/uploads\/2025\/03\/CE-sertifikatas-2023-new_page-0001.jpg 1241w\" sizes=\"(max-width: 724px) 100vw, 724px\" \/>\t\t\t\t\t\t\t\t\t\t\t\t\t\t\t<\/div>\n\t\t\t\t<\/div>\n\t\t\t\t\t<\/div>\n\t\t<\/div>\n\t\t\t\t<div class=\"elementor-column elementor-col-25 elementor-top-column elementor-element elementor-element-7aa1f69\" data-id=\"7aa1f69\" data-element_type=\"column\">\n\t\t\t<div class=\"elementor-widget-wrap elementor-element-populated\">\n\t\t\t\t\t\t<div class=\"elementor-element elementor-element-a9bc311 elementor-widget elementor-widget-image\" data-id=\"a9bc311\" data-element_type=\"widget\" data-widget_type=\"image.default\">\n\t\t\t\t<div class=\"elementor-widget-container\">\n\t\t\t\t\t\t\t\t\t\t\t\t\t\t\t<img loading=\"lazy\" decoding=\"async\" width=\"724\" height=\"1024\" src=\"https:\/\/www.vigidaspack.lt\/wp-content\/uploads\/2025\/03\/Licence-Certificate-LT-003-1-2025_page-0001-724x1024.jpg\" class=\"attachment-large size-large wp-image-1978\" alt=\"\" srcset=\"https:\/\/www.vigidaspack.lt\/wp-content\/uploads\/2025\/03\/Licence-Certificate-LT-003-1-2025_page-0001-724x1024.jpg 724w, https:\/\/www.vigidaspack.lt\/wp-content\/uploads\/2025\/03\/Licence-Certificate-LT-003-1-2025_page-0001-212x300.jpg 212w, https:\/\/www.vigidaspack.lt\/wp-content\/uploads\/2025\/03\/Licence-Certificate-LT-003-1-2025_page-0001-768x1087.jpg 768w, https:\/\/www.vigidaspack.lt\/wp-content\/uploads\/2025\/03\/Licence-Certificate-LT-003-1-2025_page-0001-1085x1536.jpg 1085w, https:\/\/www.vigidaspack.lt\/wp-content\/uploads\/2025\/03\/Licence-Certificate-LT-003-1-2025_page-0001-8x12.jpg 8w, https:\/\/www.vigidaspack.lt\/wp-content\/uploads\/2025\/03\/Licence-Certificate-LT-003-1-2025_page-0001.jpg 1240w\" sizes=\"(max-width: 724px) 100vw, 724px\" \/>\t\t\t\t\t\t\t\t\t\t\t\t\t\t\t<\/div>\n\t\t\t\t<\/div>\n\t\t\t\t\t<\/div>\n\t\t<\/div>\n\t\t\t\t\t<\/div>\n\t\t<\/section>\n\t\t\t\t<\/div>","protected":false},"excerpt":{"rendered":"<p>Accueil Composants de palettes en bois. Utilis\u00e9s pour les palettes, les caisses et les mat\u00e9riaux d&#039;emballage. Disponibles en bois naturel, s\u00e9ch\u00e9 ou trait\u00e9 chimiquement. Fabriqu\u00e9s \u00e0 partir de bois tendre et de bois dur, avec diff\u00e9rentes qualit\u00e9s. Ann\u00e9es d&#039;exp\u00e9rience + 0 Employ\u00e9s + 0 Pays d&#039;exportation + 0 Votre fournisseur de bois fiable. Vigidas Pack offre un soutien logistique complet dans le monde entier. [\u2026]<\/p>","protected":false},"author":1,"featured_media":0,"parent":0,"menu_order":0,"comment_status":"closed","ping_status":"closed","template":"elementor_header_footer","meta":{"footnotes":""},"class_list":["post-2032","page","type-page","status-publish","hentry"],"yoast_head":"<!-- This site is optimized with the Yoast SEO plugin v25.0 - https:\/\/yoast.com\/wordpress\/plugins\/seo\/ -->\n<title>Wooden pallet components - Vigidas Pack<\/title>\n<meta name=\"robots\" content=\"index, follow, max-snippet:-1, max-image-preview:large, max-video-preview:-1\" \/>\n<link rel=\"canonical\" href=\"https:\/\/www.vigidaspack.lt\/fr\/wooden-pallet-components\/\" \/>\n<meta property=\"og:locale\" content=\"fr_FR\" \/>\n<meta property=\"og:type\" content=\"article\" \/>\n<meta property=\"og:title\" content=\"Wooden pallet components - Vigidas Pack\" \/>\n<meta property=\"og:description\" content=\"Home Wooden pallet components Used for pallets, crates, and packaging materials. Available in natural, dried, or chemically treated forms. Made from softwood and hardwood, with various quality grades offered. Years of experience + 0 Employees + 0 Export countries + 0 Your reliable wood supplier Vigidas Pack provides complete logistic support to all around the [&hellip;]\" \/>\n<meta property=\"og:url\" content=\"https:\/\/www.vigidaspack.lt\/fr\/wooden-pallet-components\/\" \/>\n<meta property=\"og:site_name\" content=\"Vigidas Pack\" \/>\n<meta property=\"article:modified_time\" content=\"2025-04-02T13:17:11+00:00\" \/>\n<meta property=\"og:image\" content=\"http:\/\/www.vigidaspack.lt\/wp-content\/uploads\/2023\/04\/Untitled.jpg\" \/>\n<meta name=\"twitter:card\" content=\"summary_large_image\" \/>\n<meta name=\"twitter:label1\" content=\"Dur\u00e9e de lecture estim\u00e9e\" \/>\n\t<meta name=\"twitter:data1\" content=\"2 minutes\" \/>\n<script type=\"application\/ld+json\" class=\"yoast-schema-graph\">{\"@context\":\"https:\/\/schema.org\",\"@graph\":[{\"@type\":\"WebPage\",\"@id\":\"https:\/\/www.vigidaspack.lt\/wooden-pallet-components\/\",\"url\":\"https:\/\/www.vigidaspack.lt\/wooden-pallet-components\/\",\"name\":\"Wooden pallet components - Vigidas Pack\",\"isPartOf\":{\"@id\":\"https:\/\/www.vigidaspack.lt\/#website\"},\"primaryImageOfPage\":{\"@id\":\"https:\/\/www.vigidaspack.lt\/wooden-pallet-components\/#primaryimage\"},\"image\":{\"@id\":\"https:\/\/www.vigidaspack.lt\/wooden-pallet-components\/#primaryimage\"},\"thumbnailUrl\":\"http:\/\/www.vigidaspack.lt\/wp-content\/uploads\/2023\/04\/Untitled.jpg\",\"datePublished\":\"2025-04-02T11:02:35+00:00\",\"dateModified\":\"2025-04-02T13:17:11+00:00\",\"breadcrumb\":{\"@id\":\"https:\/\/www.vigidaspack.lt\/wooden-pallet-components\/#breadcrumb\"},\"inLanguage\":\"fr-FR\",\"potentialAction\":[{\"@type\":\"ReadAction\",\"target\":[\"https:\/\/www.vigidaspack.lt\/wooden-pallet-components\/\"]}]},{\"@type\":\"ImageObject\",\"inLanguage\":\"fr-FR\",\"@id\":\"https:\/\/www.vigidaspack.lt\/wooden-pallet-components\/#primaryimage\",\"url\":\"http:\/\/www.vigidaspack.lt\/wp-content\/uploads\/2023\/04\/Untitled.jpg\",\"contentUrl\":\"http:\/\/www.vigidaspack.lt\/wp-content\/uploads\/2023\/04\/Untitled.jpg\"},{\"@type\":\"BreadcrumbList\",\"@id\":\"https:\/\/www.vigidaspack.lt\/wooden-pallet-components\/#breadcrumb\",\"itemListElement\":[{\"@type\":\"ListItem\",\"position\":1,\"name\":\"Home\",\"item\":\"https:\/\/www.vigidaspack.lt\/\"},{\"@type\":\"ListItem\",\"position\":2,\"name\":\"Wooden pallet components\"}]},{\"@type\":\"WebSite\",\"@id\":\"https:\/\/www.vigidaspack.lt\/#website\",\"url\":\"https:\/\/www.vigidaspack.lt\/\",\"name\":\"Vigidas Pack\",\"description\":\"PREMIUM EUROPEAN SAWMILL\",\"publisher\":{\"@id\":\"https:\/\/www.vigidaspack.lt\/#organization\"},\"potentialAction\":[{\"@type\":\"SearchAction\",\"target\":{\"@type\":\"EntryPoint\",\"urlTemplate\":\"https:\/\/www.vigidaspack.lt\/?s={search_term_string}\"},\"query-input\":{\"@type\":\"PropertyValueSpecification\",\"valueRequired\":true,\"valueName\":\"search_term_string\"}}],\"inLanguage\":\"fr-FR\"},{\"@type\":\"Organization\",\"@id\":\"https:\/\/www.vigidaspack.lt\/#organization\",\"name\":\"Vigidas Pack\",\"url\":\"https:\/\/www.vigidaspack.lt\/\",\"logo\":{\"@type\":\"ImageObject\",\"inLanguage\":\"fr-FR\",\"@id\":\"https:\/\/www.vigidaspack.lt\/#\/schema\/logo\/image\/\",\"url\":\"https:\/\/www.vigidaspack.lt\/wp-content\/uploads\/2022\/01\/Picture-1.png\",\"contentUrl\":\"https:\/\/www.vigidaspack.lt\/wp-content\/uploads\/2022\/01\/Picture-1.png\",\"width\":470,\"height\":214,\"caption\":\"Vigidas Pack\"},\"image\":{\"@id\":\"https:\/\/www.vigidaspack.lt\/#\/schema\/logo\/image\/\"}}]}<\/script>\n<!-- \/ Yoast SEO plugin. -->","yoast_head_json":{"title":"Wooden pallet components - Vigidas Pack","robots":{"index":"index","follow":"follow","max-snippet":"max-snippet:-1","max-image-preview":"max-image-preview:large","max-video-preview":"max-video-preview:-1"},"canonical":"https:\/\/www.vigidaspack.lt\/fr\/wooden-pallet-components\/","og_locale":"fr_FR","og_type":"article","og_title":"Wooden pallet components - Vigidas Pack","og_description":"Home Wooden pallet components Used for pallets, crates, and packaging materials. Available in natural, dried, or chemically treated forms. Made from softwood and hardwood, with various quality grades offered. Years of experience + 0 Employees + 0 Export countries + 0 Your reliable wood supplier Vigidas Pack provides complete logistic support to all around the [&hellip;]","og_url":"https:\/\/www.vigidaspack.lt\/fr\/wooden-pallet-components\/","og_site_name":"Vigidas Pack","article_modified_time":"2025-04-02T13:17:11+00:00","og_image":[{"url":"http:\/\/www.vigidaspack.lt\/wp-content\/uploads\/2023\/04\/Untitled.jpg","type":"","width":"","height":""}],"twitter_card":"summary_large_image","twitter_misc":{"Dur\u00e9e de lecture estim\u00e9e":"2 minutes"},"schema":{"@context":"https:\/\/schema.org","@graph":[{"@type":"WebPage","@id":"https:\/\/www.vigidaspack.lt\/wooden-pallet-components\/","url":"https:\/\/www.vigidaspack.lt\/wooden-pallet-components\/","name":"Wooden pallet components - Vigidas Pack","isPartOf":{"@id":"https:\/\/www.vigidaspack.lt\/#website"},"primaryImageOfPage":{"@id":"https:\/\/www.vigidaspack.lt\/wooden-pallet-components\/#primaryimage"},"image":{"@id":"https:\/\/www.vigidaspack.lt\/wooden-pallet-components\/#primaryimage"},"thumbnailUrl":"http:\/\/www.vigidaspack.lt\/wp-content\/uploads\/2023\/04\/Untitled.jpg","datePublished":"2025-04-02T11:02:35+00:00","dateModified":"2025-04-02T13:17:11+00:00","breadcrumb":{"@id":"https:\/\/www.vigidaspack.lt\/wooden-pallet-components\/#breadcrumb"},"inLanguage":"fr-FR","potentialAction":[{"@type":"ReadAction","target":["https:\/\/www.vigidaspack.lt\/wooden-pallet-components\/"]}]},{"@type":"ImageObject","inLanguage":"fr-FR","@id":"https:\/\/www.vigidaspack.lt\/wooden-pallet-components\/#primaryimage","url":"http:\/\/www.vigidaspack.lt\/wp-content\/uploads\/2023\/04\/Untitled.jpg","contentUrl":"http:\/\/www.vigidaspack.lt\/wp-content\/uploads\/2023\/04\/Untitled.jpg"},{"@type":"BreadcrumbList","@id":"https:\/\/www.vigidaspack.lt\/wooden-pallet-components\/#breadcrumb","itemListElement":[{"@type":"ListItem","position":1,"name":"Home","item":"https:\/\/www.vigidaspack.lt\/"},{"@type":"ListItem","position":2,"name":"Wooden pallet components"}]},{"@type":"WebSite","@id":"https:\/\/www.vigidaspack.lt\/#website","url":"https:\/\/www.vigidaspack.lt\/","name":"Vigidas Pack","description":"PREMIUM EUROPEAN SAWMILL","publisher":{"@id":"https:\/\/www.vigidaspack.lt\/#organization"},"potentialAction":[{"@type":"SearchAction","target":{"@type":"EntryPoint","urlTemplate":"https:\/\/www.vigidaspack.lt\/?s={search_term_string}"},"query-input":{"@type":"PropertyValueSpecification","valueRequired":true,"valueName":"search_term_string"}}],"inLanguage":"fr-FR"},{"@type":"Organization","@id":"https:\/\/www.vigidaspack.lt\/#organization","name":"Vigidas Pack","url":"https:\/\/www.vigidaspack.lt\/","logo":{"@type":"ImageObject","inLanguage":"fr-FR","@id":"https:\/\/www.vigidaspack.lt\/#\/schema\/logo\/image\/","url":"https:\/\/www.vigidaspack.lt\/wp-content\/uploads\/2022\/01\/Picture-1.png","contentUrl":"https:\/\/www.vigidaspack.lt\/wp-content\/uploads\/2022\/01\/Picture-1.png","width":470,"height":214,"caption":"Vigidas Pack"},"image":{"@id":"https:\/\/www.vigidaspack.lt\/#\/schema\/logo\/image\/"}}]}},"_links":{"self":[{"href":"https:\/\/www.vigidaspack.lt\/fr\/wp-json\/wp\/v2\/pages\/2032","targetHints":{"allow":["GET"]}}],"collection":[{"href":"https:\/\/www.vigidaspack.lt\/fr\/wp-json\/wp\/v2\/pages"}],"about":[{"href":"https:\/\/www.vigidaspack.lt\/fr\/wp-json\/wp\/v2\/types\/page"}],"author":[{"embeddable":true,"href":"https:\/\/www.vigidaspack.lt\/fr\/wp-json\/wp\/v2\/users\/1"}],"replies":[{"embeddable":true,"href":"https:\/\/www.vigidaspack.lt\/fr\/wp-json\/wp\/v2\/comments?post=2032"}],"version-history":[{"count":11,"href":"https:\/\/www.vigidaspack.lt\/fr\/wp-json\/wp\/v2\/pages\/2032\/revisions"}],"predecessor-version":[{"id":2130,"href":"https:\/\/www.vigidaspack.lt\/fr\/wp-json\/wp\/v2\/pages\/2032\/revisions\/2130"}],"wp:attachment":[{"href":"https:\/\/www.vigidaspack.lt\/fr\/wp-json\/wp\/v2\/media?parent=2032"}],"curies":[{"name":"wp","href":"https:\/\/api.w.org\/{rel}","templated":true}]}}