{"id":657,"date":"2023-09-11T09:17:35","date_gmt":"2023-09-11T09:17:35","guid":{"rendered":"https:\/\/www.vigidaspack.lt\/?page_id=657"},"modified":"2025-03-24T15:07:19","modified_gmt":"2025-03-24T15:07:19","slug":"privacy-policy","status":"publish","type":"page","link":"https:\/\/www.vigidaspack.lt\/fr\/privacy-policy\/","title":{"rendered":"Politique de confidentialit\u00e9"},"content":{"rendered":"<div data-elementor-type=\"wp-page\" data-elementor-id=\"657\" class=\"elementor elementor-657\">\n\t\t\t\t\t\t<section class=\"elementor-section elementor-top-section elementor-element elementor-element-a00f085 elementor-section-boxed elementor-section-height-default elementor-section-height-default\" data-id=\"a00f085\" data-element_type=\"section\" data-settings=\"{&quot;background_background&quot;:&quot;classic&quot;}\">\n\t\t\t\t\t\t<div class=\"elementor-container elementor-column-gap-default\">\n\t\t\t\t\t<div class=\"elementor-column elementor-col-100 elementor-top-column elementor-element elementor-element-dc50d41\" data-id=\"dc50d41\" data-element_type=\"column\">\n\t\t\t<div class=\"elementor-widget-wrap elementor-element-populated\">\n\t\t\t\t\t\t<div class=\"elementor-element elementor-element-4756567 elementor-widget elementor-widget-hfe-breadcrumbs-widget\" data-id=\"4756567\" data-element_type=\"widget\" data-widget_type=\"hfe-breadcrumbs-widget.default\">\n\t\t\t\t<div class=\"elementor-widget-container\">\n\t\t\t\t\t<nav aria-label=\"Fil d&#039;Ariane\"><ul class=\"hfe-breadcrumbs hfe-breadcrumbs-show-home\"><li class=\"hfe-breadcrumbs-item hfe-breadcrumbs-first\"><span class=\"hfe-breadcrumbs-home-icon\"><i aria-hidden=\"true\" class=\"fas fa-home\"><\/i><\/span><a href=\"https:\/\/www.vigidaspack.lt\/fr\"><span class=\"hfe-breadcrumbs-text\">Maison<\/span><\/a><\/li><\/ul><\/nav>\t\t\t\t<\/div>\n\t\t\t\t<\/div>\n\t\t\t\t\t<\/div>\n\t\t<\/div>\n\t\t\t\t\t<\/div>\n\t\t<\/section>\n\t\t\t\t<section class=\"elementor-section elementor-top-section elementor-element elementor-element-8adecd4 elementor-section-boxed elementor-section-height-default elementor-section-height-default\" data-id=\"8adecd4\" data-element_type=\"section\">\n\t\t\t\t\t\t<div class=\"elementor-container elementor-column-gap-default\">\n\t\t\t\t\t<div class=\"elementor-column elementor-col-100 elementor-top-column elementor-element elementor-element-37760fa\" data-id=\"37760fa\" data-element_type=\"column\">\n\t\t\t<div class=\"elementor-widget-wrap elementor-element-populated\">\n\t\t\t\t\t\t<div class=\"elementor-element elementor-element-f5b8ec9 elementor-widget elementor-widget-heading\" data-id=\"f5b8ec9\" data-element_type=\"widget\" data-widget_type=\"heading.default\">\n\t\t\t\t<div class=\"elementor-widget-container\">\n\t\t\t\t\t<h2 class=\"elementor-heading-title elementor-size-default\">Politique de confidentialit\u00e9<\/h2>\t\t\t\t<\/div>\n\t\t\t\t<\/div>\n\t\t\t\t<div class=\"elementor-element elementor-element-61994b4 elementor-widget elementor-widget-text-editor\" data-id=\"61994b4\" data-element_type=\"widget\" data-widget_type=\"text-editor.default\">\n\t\t\t\t<div class=\"elementor-widget-container\">\n\t\t\t\t\t\t\t\t\t<p><strong>INTRODUCTION<\/strong><br \/>Nous sommes UAB VIGIDAS PACK (code d&#039;entreprise\u00a0: 301150244, adresse\u00a0: Daubos g. 1C, \u0160iauliai). La pr\u00e9sente Politique de confidentialit\u00e9 d\u00e9crit la politique de confidentialit\u00e9 de notre site web et les proc\u00e9dures relatives \u00e0 la collecte et \u00e0 l&#039;utilisation de vos informations lorsque vous utilisez le site web https:\/\/www.vigidaspack.lt\/ (ci-apr\u00e8s d\u00e9nomm\u00e9 le \u00ab\u00a0Site web\u00a0\u00bb) et les services qu&#039;il propose. Nous utilisons vos donn\u00e9es personnelles uniquement pour fournir et am\u00e9liorer les services du site web. En utilisant le site web, vous acceptez la collecte et l&#039;utilisation d&#039;informations conform\u00e9ment \u00e0 la pr\u00e9sente Politique de confidentialit\u00e9.<\/p><p><strong>COLLECTE DE DONN\u00c9ES PERSONNELLES<\/strong><br \/>Lorsque vous naviguez sur notre site Web, nous collectons automatiquement les informations suivantes : votre adresse IP, le type et la version de votre navigateur, les pages du site Web que vous visitez.<\/p><p>Nous pouvons \u00e9galement collecter les informations que vous nous fournissez lorsque vous nous contactez via le formulaire de contact : nom, adresse e-mail.<\/p><p><strong>STOCKAGE ET UTILISATION DES DONN\u00c9ES PERSONNELLES<\/strong><br \/>Nous conservons vos donn\u00e9es personnelles uniquement aussi longtemps que n\u00e9cessaire pour atteindre les objectifs sp\u00e9cifi\u00e9s dans la pr\u00e9sente politique de confidentialit\u00e9 :<br \/>\u2013 R\u00e9pondre \u00e0 vos demandes<br \/>\u2013 Vous contacter<br \/>\u2013 Fournir et maintenir nos services<br \/>\u2013 Vous fournir les derni\u00e8res informations, offres<\/p><p>Nous nous engageons \u00e0 assurer la confidentialit\u00e9 de vos donn\u00e9es personnelles en utilisant les technologies les plus \u00e9lev\u00e9es, sauf dans les cas o\u00f9 vos donn\u00e9es personnelles doivent \u00eatre transf\u00e9r\u00e9es \u00e0 des tiers, lorsque les lois l\u00e9gales applicables l&#039;exigent ou lorsque cela est n\u00e9cessaire pour fournir nos services.<\/p><p>Vous avez le droit de demander l&#039;acc\u00e8s aux donn\u00e9es personnelles que nous collectons et \u00e0 la mani\u00e8re dont nous les utilisons. Vous pouvez \u00e9galement demander leur suppression.<\/p><p><strong>COOKIES<\/strong><br \/>Nous utilisons des cookies sur notre site web pour am\u00e9liorer votre exp\u00e9rience de navigation et analyser le trafic. Vous pouvez emp\u00eacher l&#039;utilisation de cookies en modifiant les param\u00e8tres de votre navigateur.<\/p><p><strong>DISPOSITIONS FINALES<\/strong><br \/>La pr\u00e9sente Politique de confidentialit\u00e9 est \u00e9tablie conform\u00e9ment aux lois et actes juridiques de la R\u00e9publique de Lituanie r\u00e9gissant la protection des donn\u00e9es personnelles. Tout litige sera r\u00e9solu \u00e0 l&#039;amiable par voie de n\u00e9gociation. En cas d&#039;impossibilit\u00e9 de parvenir \u00e0 un accord, les litiges seront r\u00e9solus conform\u00e9ment \u00e0 la proc\u00e9dure \u00e9tablie par les lois de la R\u00e9publique de Lituanie.<\/p>\t\t\t\t\t\t\t\t<\/div>\n\t\t\t\t<\/div>\n\t\t\t\t\t<\/div>\n\t\t<\/div>\n\t\t\t\t\t<\/div>\n\t\t<\/section>\n\t\t\t\t<\/div>","protected":false},"excerpt":{"rendered":"<p>Accueil Politique de confidentialit\u00e9 INTRODUCTION Nous sommes UAB VIGIDAS PACK (code d&#039;entreprise\u00a0: 301150244, adresse\u00a0: Daubos g. 1C, \u0160iauliai). Cette politique de confidentialit\u00e9 d\u00e9crit la politique de confidentialit\u00e9 de notre site web et les proc\u00e9dures relatives \u00e0 la collecte et \u00e0 l&#039;utilisation de vos informations lorsque vous utilisez le site web https:\/\/www.vigidaspack.lt\/ (ci-apr\u00e8s d\u00e9nomm\u00e9 le \u00ab\u00a0site web\u00a0\u00bb) et les services qu&#039;il propose. Nous utilisons [\u2026]<\/p>","protected":false},"author":1,"featured_media":0,"parent":0,"menu_order":0,"comment_status":"closed","ping_status":"closed","template":"elementor_header_footer","meta":{"footnotes":""},"class_list":["post-657","page","type-page","status-publish","hentry"],"yoast_head":"<!-- This site is optimized with the Yoast SEO plugin v25.0 - https:\/\/yoast.com\/wordpress\/plugins\/seo\/ -->\n<title>Privacy policy - Vigidas Pack<\/title>\n<meta name=\"description\" content=\"This Privacy Policy describes our website privacy policy and procedures related to the collection and use of your information when you use the https:\/\/www.vigidaspack.lt\/ website.\" \/>\n<meta name=\"robots\" content=\"index, follow, max-snippet:-1, max-image-preview:large, max-video-preview:-1\" \/>\n<link rel=\"canonical\" href=\"https:\/\/www.vigidaspack.lt\/fr\/privacy-policy\/\" \/>\n<meta property=\"og:locale\" content=\"fr_FR\" \/>\n<meta property=\"og:type\" content=\"article\" \/>\n<meta property=\"og:title\" content=\"Privacy policy - Vigidas Pack\" \/>\n<meta property=\"og:description\" content=\"This Privacy Policy describes our website privacy policy and procedures related to the collection and use of your information when you use the https:\/\/www.vigidaspack.lt\/ website.\" \/>\n<meta property=\"og:url\" content=\"https:\/\/www.vigidaspack.lt\/fr\/privacy-policy\/\" \/>\n<meta property=\"og:site_name\" content=\"Vigidas Pack\" \/>\n<meta property=\"article:modified_time\" content=\"2025-03-24T15:07:19+00:00\" \/>\n<meta name=\"twitter:card\" content=\"summary_large_image\" \/>\n<meta name=\"twitter:label1\" content=\"Dur\u00e9e de lecture estim\u00e9e\" \/>\n\t<meta name=\"twitter:data1\" content=\"2 minutes\" \/>\n<script type=\"application\/ld+json\" class=\"yoast-schema-graph\">{\"@context\":\"https:\/\/schema.org\",\"@graph\":[{\"@type\":\"WebPage\",\"@id\":\"https:\/\/www.vigidaspack.lt\/fr\/privacy-policy\/\",\"url\":\"https:\/\/www.vigidaspack.lt\/fr\/privacy-policy\/\",\"name\":\"Privacy policy - Vigidas Pack\",\"isPartOf\":{\"@id\":\"https:\/\/www.vigidaspack.lt\/#website\"},\"datePublished\":\"2023-09-11T09:17:35+00:00\",\"dateModified\":\"2025-03-24T15:07:19+00:00\",\"description\":\"This Privacy Policy describes our website privacy policy and procedures related to the collection and use of your information when you use the https:\/\/www.vigidaspack.lt\/ website.\",\"breadcrumb\":{\"@id\":\"https:\/\/www.vigidaspack.lt\/fr\/privacy-policy\/#breadcrumb\"},\"inLanguage\":\"fr-FR\",\"potentialAction\":[{\"@type\":\"ReadAction\",\"target\":[\"https:\/\/www.vigidaspack.lt\/fr\/privacy-policy\/\"]}]},{\"@type\":\"BreadcrumbList\",\"@id\":\"https:\/\/www.vigidaspack.lt\/fr\/privacy-policy\/#breadcrumb\",\"itemListElement\":[{\"@type\":\"ListItem\",\"position\":1,\"name\":\"Home\",\"item\":\"https:\/\/www.vigidaspack.lt\/\"},{\"@type\":\"ListItem\",\"position\":2,\"name\":\"Privacy policy\"}]},{\"@type\":\"WebSite\",\"@id\":\"https:\/\/www.vigidaspack.lt\/#website\",\"url\":\"https:\/\/www.vigidaspack.lt\/\",\"name\":\"Vigidas Pack\",\"description\":\"PREMIUM EUROPEAN SAWMILL\",\"publisher\":{\"@id\":\"https:\/\/www.vigidaspack.lt\/#organization\"},\"potentialAction\":[{\"@type\":\"SearchAction\",\"target\":{\"@type\":\"EntryPoint\",\"urlTemplate\":\"https:\/\/www.vigidaspack.lt\/?s={search_term_string}\"},\"query-input\":{\"@type\":\"PropertyValueSpecification\",\"valueRequired\":true,\"valueName\":\"search_term_string\"}}],\"inLanguage\":\"fr-FR\"},{\"@type\":\"Organization\",\"@id\":\"https:\/\/www.vigidaspack.lt\/#organization\",\"name\":\"Vigidas Pack\",\"url\":\"https:\/\/www.vigidaspack.lt\/\",\"logo\":{\"@type\":\"ImageObject\",\"inLanguage\":\"fr-FR\",\"@id\":\"https:\/\/www.vigidaspack.lt\/#\/schema\/logo\/image\/\",\"url\":\"https:\/\/www.vigidaspack.lt\/wp-content\/uploads\/2022\/01\/Picture-1.png\",\"contentUrl\":\"https:\/\/www.vigidaspack.lt\/wp-content\/uploads\/2022\/01\/Picture-1.png\",\"width\":470,\"height\":214,\"caption\":\"Vigidas Pack\"},\"image\":{\"@id\":\"https:\/\/www.vigidaspack.lt\/#\/schema\/logo\/image\/\"}}]}<\/script>\n<!-- \/ Yoast SEO plugin. -->","yoast_head_json":{"title":"Privacy policy - Vigidas Pack","description":"This Privacy Policy describes our website privacy policy and procedures related to the collection and use of your information when you use the https:\/\/www.vigidaspack.lt\/ website.","robots":{"index":"index","follow":"follow","max-snippet":"max-snippet:-1","max-image-preview":"max-image-preview:large","max-video-preview":"max-video-preview:-1"},"canonical":"https:\/\/www.vigidaspack.lt\/fr\/privacy-policy\/","og_locale":"fr_FR","og_type":"article","og_title":"Privacy policy - Vigidas Pack","og_description":"This Privacy Policy describes our website privacy policy and procedures related to the collection and use of your information when you use the https:\/\/www.vigidaspack.lt\/ website.","og_url":"https:\/\/www.vigidaspack.lt\/fr\/privacy-policy\/","og_site_name":"Vigidas Pack","article_modified_time":"2025-03-24T15:07:19+00:00","twitter_card":"summary_large_image","twitter_misc":{"Dur\u00e9e de lecture estim\u00e9e":"2 minutes"},"schema":{"@context":"https:\/\/schema.org","@graph":[{"@type":"WebPage","@id":"https:\/\/www.vigidaspack.lt\/fr\/privacy-policy\/","url":"https:\/\/www.vigidaspack.lt\/fr\/privacy-policy\/","name":"Privacy policy - Vigidas Pack","isPartOf":{"@id":"https:\/\/www.vigidaspack.lt\/#website"},"datePublished":"2023-09-11T09:17:35+00:00","dateModified":"2025-03-24T15:07:19+00:00","description":"This Privacy Policy describes our website privacy policy and procedures related to the collection and use of your information when you use the https:\/\/www.vigidaspack.lt\/ website.","breadcrumb":{"@id":"https:\/\/www.vigidaspack.lt\/fr\/privacy-policy\/#breadcrumb"},"inLanguage":"fr-FR","potentialAction":[{"@type":"ReadAction","target":["https:\/\/www.vigidaspack.lt\/fr\/privacy-policy\/"]}]},{"@type":"BreadcrumbList","@id":"https:\/\/www.vigidaspack.lt\/fr\/privacy-policy\/#breadcrumb","itemListElement":[{"@type":"ListItem","position":1,"name":"Home","item":"https:\/\/www.vigidaspack.lt\/"},{"@type":"ListItem","position":2,"name":"Privacy policy"}]},{"@type":"WebSite","@id":"https:\/\/www.vigidaspack.lt\/#website","url":"https:\/\/www.vigidaspack.lt\/","name":"Vigidas Pack","description":"PREMIUM EUROPEAN SAWMILL","publisher":{"@id":"https:\/\/www.vigidaspack.lt\/#organization"},"potentialAction":[{"@type":"SearchAction","target":{"@type":"EntryPoint","urlTemplate":"https:\/\/www.vigidaspack.lt\/?s={search_term_string}"},"query-input":{"@type":"PropertyValueSpecification","valueRequired":true,"valueName":"search_term_string"}}],"inLanguage":"fr-FR"},{"@type":"Organization","@id":"https:\/\/www.vigidaspack.lt\/#organization","name":"Vigidas Pack","url":"https:\/\/www.vigidaspack.lt\/","logo":{"@type":"ImageObject","inLanguage":"fr-FR","@id":"https:\/\/www.vigidaspack.lt\/#\/schema\/logo\/image\/","url":"https:\/\/www.vigidaspack.lt\/wp-content\/uploads\/2022\/01\/Picture-1.png","contentUrl":"https:\/\/www.vigidaspack.lt\/wp-content\/uploads\/2022\/01\/Picture-1.png","width":470,"height":214,"caption":"Vigidas Pack"},"image":{"@id":"https:\/\/www.vigidaspack.lt\/#\/schema\/logo\/image\/"}}]}},"_links":{"self":[{"href":"https:\/\/www.vigidaspack.lt\/fr\/wp-json\/wp\/v2\/pages\/657","targetHints":{"allow":["GET"]}}],"collection":[{"href":"https:\/\/www.vigidaspack.lt\/fr\/wp-json\/wp\/v2\/pages"}],"about":[{"href":"https:\/\/www.vigidaspack.lt\/fr\/wp-json\/wp\/v2\/types\/page"}],"author":[{"embeddable":true,"href":"https:\/\/www.vigidaspack.lt\/fr\/wp-json\/wp\/v2\/users\/1"}],"replies":[{"embeddable":true,"href":"https:\/\/www.vigidaspack.lt\/fr\/wp-json\/wp\/v2\/comments?post=657"}],"version-history":[{"count":7,"href":"https:\/\/www.vigidaspack.lt\/fr\/wp-json\/wp\/v2\/pages\/657\/revisions"}],"predecessor-version":[{"id":1966,"href":"https:\/\/www.vigidaspack.lt\/fr\/wp-json\/wp\/v2\/pages\/657\/revisions\/1966"}],"wp:attachment":[{"href":"https:\/\/www.vigidaspack.lt\/fr\/wp-json\/wp\/v2\/media?parent=657"}],"curies":[{"name":"wp","href":"https:\/\/api.w.org\/{rel}","templated":true}]}}