{"id":2036,"date":"2025-04-02T11:03:52","date_gmt":"2025-04-02T11:03:52","guid":{"rendered":"https:\/\/www.vigidaspack.lt\/?page_id=2036"},"modified":"2025-04-02T13:21:37","modified_gmt":"2025-04-02T13:21:37","slug":"wooden-packaging","status":"publish","type":"page","link":"https:\/\/www.vigidaspack.lt\/lt\/wooden-packaging\/","title":{"rendered":"Medin\u0117 pakuot\u0117"},"content":{"rendered":"<div data-elementor-type=\"wp-page\" data-elementor-id=\"2036\" class=\"elementor elementor-2036\">\n\t\t\t\t\t\t<section class=\"elementor-section elementor-top-section elementor-element elementor-element-030f8df elementor-section-boxed elementor-section-height-default elementor-section-height-default\" data-id=\"030f8df\" data-element_type=\"section\" data-settings=\"{&quot;background_background&quot;:&quot;classic&quot;}\">\n\t\t\t\t\t\t<div class=\"elementor-container elementor-column-gap-default\">\n\t\t\t\t\t<div class=\"elementor-column elementor-col-100 elementor-top-column elementor-element elementor-element-135ee46\" data-id=\"135ee46\" data-element_type=\"column\">\n\t\t\t<div class=\"elementor-widget-wrap elementor-element-populated\">\n\t\t\t\t\t\t<div class=\"elementor-element elementor-element-c86971b elementor-widget elementor-widget-hfe-breadcrumbs-widget\" data-id=\"c86971b\" data-element_type=\"widget\" data-widget_type=\"hfe-breadcrumbs-widget.default\">\n\t\t\t\t<div class=\"elementor-widget-container\">\n\t\t\t\t\t<nav aria-label=\"Duonos trupiniai\"><ul class=\"hfe-breadcrumbs hfe-breadcrumbs-show-home\"><li class=\"hfe-breadcrumbs-item hfe-breadcrumbs-first\"><span class=\"hfe-breadcrumbs-home-icon\"><i aria-hidden=\"true\" class=\"fas fa-home\"><\/i><\/span><a href=\"https:\/\/www.vigidaspack.lt\/lt\"><span class=\"hfe-breadcrumbs-text\">Prad\u017eia<\/span><\/a><\/li><\/ul><\/nav>\t\t\t\t<\/div>\n\t\t\t\t<\/div>\n\t\t\t\t\t<\/div>\n\t\t<\/div>\n\t\t\t\t\t<\/div>\n\t\t<\/section>\n\t\t\t\t<section class=\"elementor-section elementor-top-section elementor-element elementor-element-ec7a0f9 elementor-section-boxed elementor-section-height-default elementor-section-height-default\" data-id=\"ec7a0f9\" data-element_type=\"section\">\n\t\t\t\t\t\t<div class=\"elementor-container elementor-column-gap-default\">\n\t\t\t\t\t<div class=\"elementor-column elementor-col-50 elementor-top-column elementor-element elementor-element-1d0f6b4\" data-id=\"1d0f6b4\" data-element_type=\"column\">\n\t\t\t<div class=\"elementor-widget-wrap elementor-element-populated\">\n\t\t\t\t\t\t<div class=\"elementor-element elementor-element-5cac4d5 elementor-widget elementor-widget-heading\" data-id=\"5cac4d5\" data-element_type=\"widget\" data-widget_type=\"heading.default\">\n\t\t\t\t<div class=\"elementor-widget-container\">\n\t\t\t\t\t<h2 class=\"elementor-heading-title elementor-size-default\">Medin\u0117 pakuot\u0117<\/h2>\t\t\t\t<\/div>\n\t\t\t\t<\/div>\n\t\t\t\t<div class=\"elementor-element elementor-element-6a3fd65 elementor-widget elementor-widget-text-editor\" data-id=\"6a3fd65\" data-element_type=\"widget\" data-widget_type=\"text-editor.default\">\n\t\t\t\t<div class=\"elementor-widget-container\">\n\t\t\t\t\t\t\t\t\t<p style=\"font-weight: 400;\">Si\u016blome \u012fvairi\u0173 r\u016b\u0161i\u0173 medin\u0119 pakuot\u0119, atitinkan\u010di\u0105 skirtingus verslo poreikius:<\/p><ul><li style=\"font-weight: 400;\">\u00a0EPAL pad\u0117klai \u2013 turime oficiali\u0105 licencij\u0105 j\u0173 gamybai, u\u017etikriname auk\u0161\u010diausi\u0105 kokyb\u0119.<\/li><li style=\"font-weight: 400;\">Medin\u0117s d\u0117\u017e\u0117s \u2013 gaminamos pagal individualius u\u017esakymus, tinkamos dar\u017eov\u0117ms, pramon\u0117s prek\u0117ms ir kitiems produktams.<\/li><li style=\"font-weight: 400;\">Pad\u0117klai stiklo paketams \u2013 \u012fvairi\u0173 i\u0161matavim\u0173, pritaikyti saugiam stiklo gamini\u0173 transportavimui.<\/li><li style=\"font-weight: 400;\">Nestandartini\u0173 i\u0161matavim\u0173 pad\u0117klai \u2013 gaminame pagal klient\u0173 poreikius, u\u017etikrinant patvarum\u0105 ir funkcionalum\u0105.<\/li><li style=\"font-weight: 400;\">Pad\u0117kl\u0173 apvadai \u2013 papildoma apsauga ir lankstumas transportuojant bei sand\u0117liuojant prekes.<\/li><\/ul>\t\t\t\t\t\t\t\t<\/div>\n\t\t\t\t<\/div>\n\t\t\t\t\t<\/div>\n\t\t<\/div>\n\t\t\t\t<div class=\"elementor-column elementor-col-50 elementor-top-column elementor-element elementor-element-5d8b2cd\" data-id=\"5d8b2cd\" data-element_type=\"column\">\n\t\t\t<div class=\"elementor-widget-wrap elementor-element-populated\">\n\t\t\t\t\t\t<div class=\"elementor-element elementor-element-da2a6bd elementor-widget elementor-widget-image\" data-id=\"da2a6bd\" data-element_type=\"widget\" data-widget_type=\"image.default\">\n\t\t\t\t<div class=\"elementor-widget-container\">\n\t\t\t\t\t\t\t\t\t\t\t\t\t\t\t<img fetchpriority=\"high\" decoding=\"async\" width=\"1024\" height=\"728\" src=\"https:\/\/www.vigidaspack.lt\/wp-content\/uploads\/2023\/04\/Frame-1.webp\" class=\"attachment-full size-full wp-image-457\" alt=\"Paleta EPAL\" srcset=\"https:\/\/www.vigidaspack.lt\/wp-content\/uploads\/2023\/04\/Frame-1.webp 1024w, https:\/\/www.vigidaspack.lt\/wp-content\/uploads\/2023\/04\/Frame-1-300x213.webp 300w, https:\/\/www.vigidaspack.lt\/wp-content\/uploads\/2023\/04\/Frame-1-768x546.webp 768w\" sizes=\"(max-width: 1024px) 100vw, 1024px\" \/>\t\t\t\t\t\t\t\t\t\t\t\t\t\t\t<\/div>\n\t\t\t\t<\/div>\n\t\t\t\t\t<\/div>\n\t\t<\/div>\n\t\t\t\t\t<\/div>\n\t\t<\/section>\n\t\t\t\t<section class=\"elementor-section elementor-top-section elementor-element elementor-element-c4156af elementor-section-stretched elementor-section-boxed elementor-section-height-default elementor-section-height-default\" data-id=\"c4156af\" data-element_type=\"section\" data-settings=\"{&quot;stretch_section&quot;:&quot;section-stretched&quot;,&quot;background_background&quot;:&quot;classic&quot;}\">\n\t\t\t\t\t\t\t<div class=\"elementor-background-overlay\"><\/div>\n\t\t\t\t\t\t\t<div class=\"elementor-container elementor-column-gap-default\">\n\t\t\t\t\t<div class=\"elementor-column elementor-col-50 elementor-top-column elementor-element elementor-element-f3fa708\" data-id=\"f3fa708\" data-element_type=\"column\">\n\t\t\t<div class=\"elementor-widget-wrap elementor-element-populated\">\n\t\t\t\t\t\t<div class=\"elementor-element elementor-element-fc75279 elementor-widget elementor-widget-counter\" data-id=\"fc75279\" data-element_type=\"widget\" data-widget_type=\"counter.default\">\n\t\t\t\t<div class=\"elementor-widget-container\">\n\t\t\t\t\t\t\t<div class=\"elementor-counter\">\n\t\t\t<div class=\"elementor-counter-title\">Ilgamet\u0117 patirtis<\/div>\t\t\t<div class=\"elementor-counter-number-wrapper\">\n\t\t\t\t<span class=\"elementor-counter-number-prefix\">+<\/span>\n\t\t\t\t<span class=\"elementor-counter-number\" data-duration=\"2000\" data-to-value=\"30\" data-from-value=\"0\" data-delimiter=\",\">0<\/span>\n\t\t\t\t<span class=\"elementor-counter-number-suffix\"><\/span>\n\t\t\t<\/div>\n\t\t<\/div>\n\t\t\t\t\t\t<\/div>\n\t\t\t\t<\/div>\n\t\t\t\t<div class=\"elementor-element elementor-element-95f11f3 elementor-widget elementor-widget-counter\" data-id=\"95f11f3\" data-element_type=\"widget\" data-widget_type=\"counter.default\">\n\t\t\t\t<div class=\"elementor-widget-container\">\n\t\t\t\t\t\t\t<div class=\"elementor-counter\">\n\t\t\t<div class=\"elementor-counter-title\">Darbuotojai<\/div>\t\t\t<div class=\"elementor-counter-number-wrapper\">\n\t\t\t\t<span class=\"elementor-counter-number-prefix\">+<\/span>\n\t\t\t\t<span class=\"elementor-counter-number\" data-duration=\"2000\" data-to-value=\"100\" data-from-value=\"0\" data-delimiter=\",\">0<\/span>\n\t\t\t\t<span class=\"elementor-counter-number-suffix\"><\/span>\n\t\t\t<\/div>\n\t\t<\/div>\n\t\t\t\t\t\t<\/div>\n\t\t\t\t<\/div>\n\t\t\t\t<div class=\"elementor-element elementor-element-d133177 elementor-widget elementor-widget-counter\" data-id=\"d133177\" data-element_type=\"widget\" data-widget_type=\"counter.default\">\n\t\t\t\t<div class=\"elementor-widget-container\">\n\t\t\t\t\t\t\t<div class=\"elementor-counter\">\n\t\t\t<div class=\"elementor-counter-title\">Eksporto \u0161alys<\/div>\t\t\t<div class=\"elementor-counter-number-wrapper\">\n\t\t\t\t<span class=\"elementor-counter-number-prefix\">+<\/span>\n\t\t\t\t<span class=\"elementor-counter-number\" data-duration=\"2000\" data-to-value=\"50\" data-from-value=\"0\" data-delimiter=\",\">0<\/span>\n\t\t\t\t<span class=\"elementor-counter-number-suffix\"><\/span>\n\t\t\t<\/div>\n\t\t<\/div>\n\t\t\t\t\t\t<\/div>\n\t\t\t\t<\/div>\n\t\t\t\t\t<\/div>\n\t\t<\/div>\n\t\t\t\t<div class=\"elementor-column elementor-col-50 elementor-top-column elementor-element elementor-element-5272d82\" data-id=\"5272d82\" data-element_type=\"column\">\n\t\t\t<div class=\"elementor-widget-wrap elementor-element-populated\">\n\t\t\t\t\t\t<div class=\"elementor-element elementor-element-fb0486f elementor-widget elementor-widget-heading\" data-id=\"fb0486f\" data-element_type=\"widget\" data-widget_type=\"heading.default\">\n\t\t\t\t<div class=\"elementor-widget-container\">\n\t\t\t\t\t<h4 class=\"elementor-heading-title elementor-size-default\">J\u016bs\u0173 patikimas medienos tiek\u0117jas<\/h4>\t\t\t\t<\/div>\n\t\t\t\t<\/div>\n\t\t\t\t<div class=\"elementor-element elementor-element-fd2c36a elementor-widget elementor-widget-heading\" data-id=\"fd2c36a\" data-element_type=\"widget\" data-widget_type=\"heading.default\">\n\t\t\t\t<div class=\"elementor-widget-container\">\n\t\t\t\t\t<h2 class=\"elementor-heading-title elementor-size-default\">Vigidas Pack teikia visapusi\u0161k\u0105 logistin\u0119 pagalb\u0105 visame pasaulyje<\/h2>\t\t\t\t<\/div>\n\t\t\t\t<\/div>\n\t\t\t\t\t<\/div>\n\t\t<\/div>\n\t\t\t\t\t<\/div>\n\t\t<\/section>\n\t\t\t\t<section class=\"elementor-section elementor-top-section elementor-element elementor-element-90570d5 elementor-section-boxed elementor-section-height-default elementor-section-height-default\" data-id=\"90570d5\" data-element_type=\"section\">\n\t\t\t\t\t\t<div class=\"elementor-container elementor-column-gap-default\">\n\t\t\t\t\t<div class=\"elementor-column elementor-col-25 elementor-top-column elementor-element elementor-element-1321a88\" data-id=\"1321a88\" data-element_type=\"column\">\n\t\t\t<div class=\"elementor-widget-wrap elementor-element-populated\">\n\t\t\t\t\t\t<div class=\"elementor-element elementor-element-0980211 elementor-widget elementor-widget-heading\" data-id=\"0980211\" data-element_type=\"widget\" data-widget_type=\"heading.default\">\n\t\t\t\t<div class=\"elementor-widget-container\">\n\t\t\t\t\t<h3 class=\"elementor-heading-title elementor-size-default\">Sertifikatai<\/h3>\t\t\t\t<\/div>\n\t\t\t\t<\/div>\n\t\t\t\t<div class=\"elementor-element elementor-element-cbb165a elementor-widget elementor-widget-text-editor\" data-id=\"cbb165a\" data-element_type=\"widget\" data-widget_type=\"text-editor.default\">\n\t\t\t\t<div class=\"elementor-widget-container\">\n\t\t\t\t\t\t\t\t\t<p>M\u016bs\u0173 gaminiai atitinka grie\u017etus tarptautinius reikalavimus, u\u017etikrinan\u010dius j\u0173 patikimum\u0105, saugum\u0105 ir tvarum\u0105. Laikom\u0117s auk\u0161\u010diausi\u0173 gamybos standart\u0173, kad garantuotume ilgaam\u017ei\u0161kum\u0105 ir atsaking\u0105 po\u017ei\u016br\u012f \u012f aplink\u0105.<\/p>\t\t\t\t\t\t\t\t<\/div>\n\t\t\t\t<\/div>\n\t\t\t\t<div class=\"elementor-element elementor-element-eefa8a5 elementor-widget elementor-widget-button\" data-id=\"eefa8a5\" data-element_type=\"widget\" data-widget_type=\"button.default\">\n\t\t\t\t<div class=\"elementor-widget-container\">\n\t\t\t\t\t\t\t\t\t<div class=\"elementor-button-wrapper\">\n\t\t\t\t\t<a class=\"elementor-button elementor-button-link elementor-size-sm elementor-animation-grow\" href=\"https:\/\/www.vigidaspack.lt\/lt\/certificates\/\">\n\t\t\t\t\t\t<span class=\"elementor-button-content-wrapper\">\n\t\t\t\t\t\t\t\t\t<span class=\"elementor-button-text\">apie sertifikatus<\/span>\n\t\t\t\t\t<\/span>\n\t\t\t\t\t<\/a>\n\t\t\t\t<\/div>\n\t\t\t\t\t\t\t\t<\/div>\n\t\t\t\t<\/div>\n\t\t\t\t\t<\/div>\n\t\t<\/div>\n\t\t\t\t<div class=\"elementor-column elementor-col-25 elementor-top-column elementor-element elementor-element-dba7fbf\" data-id=\"dba7fbf\" data-element_type=\"column\">\n\t\t\t<div class=\"elementor-widget-wrap elementor-element-populated\">\n\t\t\t\t\t\t<div class=\"elementor-element elementor-element-38eab21 elementor-widget elementor-widget-image\" data-id=\"38eab21\" data-element_type=\"widget\" data-widget_type=\"image.default\">\n\t\t\t\t<div class=\"elementor-widget-container\">\n\t\t\t\t\t\t\t\t\t\t\t\t\t\t\t<img decoding=\"async\" width=\"724\" height=\"1024\" src=\"https:\/\/www.vigidaspack.lt\/wp-content\/uploads\/2025\/03\/BS-Battens-sertifikatas_page-0001-724x1024.jpg\" class=\"attachment-large size-large wp-image-1975\" alt=\"\" srcset=\"https:\/\/www.vigidaspack.lt\/wp-content\/uploads\/2025\/03\/BS-Battens-sertifikatas_page-0001-724x1024.jpg 724w, https:\/\/www.vigidaspack.lt\/wp-content\/uploads\/2025\/03\/BS-Battens-sertifikatas_page-0001-212x300.jpg 212w, https:\/\/www.vigidaspack.lt\/wp-content\/uploads\/2025\/03\/BS-Battens-sertifikatas_page-0001-768x1086.jpg 768w, https:\/\/www.vigidaspack.lt\/wp-content\/uploads\/2025\/03\/BS-Battens-sertifikatas_page-0001-1086x1536.jpg 1086w, https:\/\/www.vigidaspack.lt\/wp-content\/uploads\/2025\/03\/BS-Battens-sertifikatas_page-0001-8x12.jpg 8w, https:\/\/www.vigidaspack.lt\/wp-content\/uploads\/2025\/03\/BS-Battens-sertifikatas_page-0001.jpg 1241w\" sizes=\"(max-width: 724px) 100vw, 724px\" \/>\t\t\t\t\t\t\t\t\t\t\t\t\t\t\t<\/div>\n\t\t\t\t<\/div>\n\t\t\t\t\t<\/div>\n\t\t<\/div>\n\t\t\t\t<div class=\"elementor-column elementor-col-25 elementor-top-column elementor-element elementor-element-f87ce23\" data-id=\"f87ce23\" data-element_type=\"column\">\n\t\t\t<div class=\"elementor-widget-wrap elementor-element-populated\">\n\t\t\t\t\t\t<div class=\"elementor-element elementor-element-6110f94 elementor-widget elementor-widget-image\" data-id=\"6110f94\" data-element_type=\"widget\" data-widget_type=\"image.default\">\n\t\t\t\t<div class=\"elementor-widget-container\">\n\t\t\t\t\t\t\t\t\t\t\t\t\t\t\t<img decoding=\"async\" width=\"724\" height=\"1024\" src=\"https:\/\/www.vigidaspack.lt\/wp-content\/uploads\/2025\/03\/CE-sertifikatas-2023-new_page-0001-724x1024.jpg\" class=\"attachment-large size-large wp-image-1976\" alt=\"\" srcset=\"https:\/\/www.vigidaspack.lt\/wp-content\/uploads\/2025\/03\/CE-sertifikatas-2023-new_page-0001-724x1024.jpg 724w, https:\/\/www.vigidaspack.lt\/wp-content\/uploads\/2025\/03\/CE-sertifikatas-2023-new_page-0001-212x300.jpg 212w, https:\/\/www.vigidaspack.lt\/wp-content\/uploads\/2025\/03\/CE-sertifikatas-2023-new_page-0001-768x1086.jpg 768w, https:\/\/www.vigidaspack.lt\/wp-content\/uploads\/2025\/03\/CE-sertifikatas-2023-new_page-0001-1086x1536.jpg 1086w, https:\/\/www.vigidaspack.lt\/wp-content\/uploads\/2025\/03\/CE-sertifikatas-2023-new_page-0001-8x12.jpg 8w, https:\/\/www.vigidaspack.lt\/wp-content\/uploads\/2025\/03\/CE-sertifikatas-2023-new_page-0001.jpg 1241w\" sizes=\"(max-width: 724px) 100vw, 724px\" \/>\t\t\t\t\t\t\t\t\t\t\t\t\t\t\t<\/div>\n\t\t\t\t<\/div>\n\t\t\t\t\t<\/div>\n\t\t<\/div>\n\t\t\t\t<div class=\"elementor-column elementor-col-25 elementor-top-column elementor-element elementor-element-3158ed5\" data-id=\"3158ed5\" data-element_type=\"column\">\n\t\t\t<div class=\"elementor-widget-wrap elementor-element-populated\">\n\t\t\t\t\t\t<div class=\"elementor-element elementor-element-3577dcc elementor-widget elementor-widget-image\" data-id=\"3577dcc\" data-element_type=\"widget\" data-widget_type=\"image.default\">\n\t\t\t\t<div class=\"elementor-widget-container\">\n\t\t\t\t\t\t\t\t\t\t\t\t\t\t\t<img loading=\"lazy\" decoding=\"async\" width=\"724\" height=\"1024\" src=\"https:\/\/www.vigidaspack.lt\/wp-content\/uploads\/2025\/03\/Licence-Certificate-LT-003-1-2025_page-0001-724x1024.jpg\" class=\"attachment-large size-large wp-image-1978\" alt=\"\" srcset=\"https:\/\/www.vigidaspack.lt\/wp-content\/uploads\/2025\/03\/Licence-Certificate-LT-003-1-2025_page-0001-724x1024.jpg 724w, https:\/\/www.vigidaspack.lt\/wp-content\/uploads\/2025\/03\/Licence-Certificate-LT-003-1-2025_page-0001-212x300.jpg 212w, https:\/\/www.vigidaspack.lt\/wp-content\/uploads\/2025\/03\/Licence-Certificate-LT-003-1-2025_page-0001-768x1087.jpg 768w, https:\/\/www.vigidaspack.lt\/wp-content\/uploads\/2025\/03\/Licence-Certificate-LT-003-1-2025_page-0001-1085x1536.jpg 1085w, https:\/\/www.vigidaspack.lt\/wp-content\/uploads\/2025\/03\/Licence-Certificate-LT-003-1-2025_page-0001-8x12.jpg 8w, https:\/\/www.vigidaspack.lt\/wp-content\/uploads\/2025\/03\/Licence-Certificate-LT-003-1-2025_page-0001.jpg 1240w\" sizes=\"(max-width: 724px) 100vw, 724px\" \/>\t\t\t\t\t\t\t\t\t\t\t\t\t\t\t<\/div>\n\t\t\t\t<\/div>\n\t\t\t\t\t<\/div>\n\t\t<\/div>\n\t\t\t\t\t<\/div>\n\t\t<\/section>\n\t\t\t\t<\/div>","protected":false},"excerpt":{"rendered":"<p>Prad\u017eia Medin\u0117s pakuot\u0117s Si\u016blome \u012fvairi\u0173 r\u016b\u0161i\u0173 medines pakuotes \u012fvairiems verslo poreikiams patenkinti: EPAL pad\u0117klai \u2013 Turime oficiali\u0105 licencij\u0105 j\u0173 gamybai, u\u017etikrinan\u010di\u0105 auk\u0161\u010diausi\u0105 kokyb\u0119. Medin\u0117s d\u0117\u017e\u0117s \u2013 gaminamos pagal u\u017esakym\u0105 dar\u017eov\u0117ms, pramonin\u0117ms prek\u0117ms ir kitiems gaminiams. Stiklo paket\u0173 pad\u0117klai \u2013 yra \u012fvairi\u0173 dyd\u017ei\u0173, skirt\u0173 saugiam stiklo transportavimui [\u2026]<\/p>","protected":false},"author":1,"featured_media":0,"parent":0,"menu_order":0,"comment_status":"closed","ping_status":"closed","template":"elementor_header_footer","meta":{"footnotes":""},"class_list":["post-2036","page","type-page","status-publish","hentry"],"yoast_head":"<!-- This site is optimized with the Yoast SEO plugin v25.0 - https:\/\/yoast.com\/wordpress\/plugins\/seo\/ -->\n<title>Wooden packaging - Vigidas Pack<\/title>\n<meta name=\"robots\" content=\"index, follow, max-snippet:-1, max-image-preview:large, max-video-preview:-1\" \/>\n<link rel=\"canonical\" href=\"https:\/\/www.vigidaspack.lt\/lt\/wooden-packaging\/\" \/>\n<meta property=\"og:locale\" content=\"lt_LT\" \/>\n<meta property=\"og:type\" content=\"article\" \/>\n<meta property=\"og:title\" content=\"Wooden packaging - Vigidas Pack\" \/>\n<meta property=\"og:description\" content=\"Home Wooden packaging We offer various types of wooden packaging to meet different business needs: \u00a0EPAL Pallets \u2013 We have an official license for their production, ensuring the highest quality. Wooden Crates \u2013 Custom-made for vegetables, industrial goods, and other products. Glass Package Pallets \u2013 Available in various sizes, designed for safe transportation of glass [&hellip;]\" \/>\n<meta property=\"og:url\" content=\"https:\/\/www.vigidaspack.lt\/lt\/wooden-packaging\/\" \/>\n<meta property=\"og:site_name\" content=\"Vigidas Pack\" \/>\n<meta property=\"article:modified_time\" content=\"2025-04-02T13:21:37+00:00\" \/>\n<meta property=\"og:image\" content=\"http:\/\/www.vigidaspack.lt\/wp-content\/uploads\/2023\/04\/Frame-1.webp\" \/>\n<meta name=\"twitter:card\" content=\"summary_large_image\" \/>\n<meta name=\"twitter:label1\" content=\"Est. reading time\" \/>\n\t<meta name=\"twitter:data1\" content=\"2 minut\u0117s\" \/>\n<script type=\"application\/ld+json\" class=\"yoast-schema-graph\">{\"@context\":\"https:\/\/schema.org\",\"@graph\":[{\"@type\":\"WebPage\",\"@id\":\"https:\/\/www.vigidaspack.lt\/de\/wooden-packaging\/\",\"url\":\"https:\/\/www.vigidaspack.lt\/de\/wooden-packaging\/\",\"name\":\"Wooden packaging - Vigidas Pack\",\"isPartOf\":{\"@id\":\"https:\/\/www.vigidaspack.lt\/#website\"},\"primaryImageOfPage\":{\"@id\":\"https:\/\/www.vigidaspack.lt\/de\/wooden-packaging\/#primaryimage\"},\"image\":{\"@id\":\"https:\/\/www.vigidaspack.lt\/de\/wooden-packaging\/#primaryimage\"},\"thumbnailUrl\":\"http:\/\/www.vigidaspack.lt\/wp-content\/uploads\/2023\/04\/Frame-1.webp\",\"datePublished\":\"2025-04-02T11:03:52+00:00\",\"dateModified\":\"2025-04-02T13:21:37+00:00\",\"breadcrumb\":{\"@id\":\"https:\/\/www.vigidaspack.lt\/de\/wooden-packaging\/#breadcrumb\"},\"inLanguage\":\"lt-LT\",\"potentialAction\":[{\"@type\":\"ReadAction\",\"target\":[\"https:\/\/www.vigidaspack.lt\/de\/wooden-packaging\/\"]}]},{\"@type\":\"ImageObject\",\"inLanguage\":\"lt-LT\",\"@id\":\"https:\/\/www.vigidaspack.lt\/de\/wooden-packaging\/#primaryimage\",\"url\":\"http:\/\/www.vigidaspack.lt\/wp-content\/uploads\/2023\/04\/Frame-1.webp\",\"contentUrl\":\"http:\/\/www.vigidaspack.lt\/wp-content\/uploads\/2023\/04\/Frame-1.webp\"},{\"@type\":\"BreadcrumbList\",\"@id\":\"https:\/\/www.vigidaspack.lt\/de\/wooden-packaging\/#breadcrumb\",\"itemListElement\":[{\"@type\":\"ListItem\",\"position\":1,\"name\":\"Home\",\"item\":\"https:\/\/www.vigidaspack.lt\/\"},{\"@type\":\"ListItem\",\"position\":2,\"name\":\"Wooden packaging\"}]},{\"@type\":\"WebSite\",\"@id\":\"https:\/\/www.vigidaspack.lt\/#website\",\"url\":\"https:\/\/www.vigidaspack.lt\/\",\"name\":\"Vigidas Pack\",\"description\":\"PREMIUM EUROPEAN SAWMILL\",\"publisher\":{\"@id\":\"https:\/\/www.vigidaspack.lt\/#organization\"},\"potentialAction\":[{\"@type\":\"SearchAction\",\"target\":{\"@type\":\"EntryPoint\",\"urlTemplate\":\"https:\/\/www.vigidaspack.lt\/?s={search_term_string}\"},\"query-input\":{\"@type\":\"PropertyValueSpecification\",\"valueRequired\":true,\"valueName\":\"search_term_string\"}}],\"inLanguage\":\"lt-LT\"},{\"@type\":\"Organization\",\"@id\":\"https:\/\/www.vigidaspack.lt\/#organization\",\"name\":\"Vigidas Pack\",\"url\":\"https:\/\/www.vigidaspack.lt\/\",\"logo\":{\"@type\":\"ImageObject\",\"inLanguage\":\"lt-LT\",\"@id\":\"https:\/\/www.vigidaspack.lt\/#\/schema\/logo\/image\/\",\"url\":\"https:\/\/www.vigidaspack.lt\/wp-content\/uploads\/2022\/01\/Picture-1.png\",\"contentUrl\":\"https:\/\/www.vigidaspack.lt\/wp-content\/uploads\/2022\/01\/Picture-1.png\",\"width\":470,\"height\":214,\"caption\":\"Vigidas Pack\"},\"image\":{\"@id\":\"https:\/\/www.vigidaspack.lt\/#\/schema\/logo\/image\/\"}}]}<\/script>\n<!-- \/ Yoast SEO plugin. -->","yoast_head_json":{"title":"Wooden packaging - Vigidas Pack","robots":{"index":"index","follow":"follow","max-snippet":"max-snippet:-1","max-image-preview":"max-image-preview:large","max-video-preview":"max-video-preview:-1"},"canonical":"https:\/\/www.vigidaspack.lt\/lt\/wooden-packaging\/","og_locale":"lt_LT","og_type":"article","og_title":"Wooden packaging - Vigidas Pack","og_description":"Home Wooden packaging We offer various types of wooden packaging to meet different business needs: \u00a0EPAL Pallets \u2013 We have an official license for their production, ensuring the highest quality. Wooden Crates \u2013 Custom-made for vegetables, industrial goods, and other products. Glass Package Pallets \u2013 Available in various sizes, designed for safe transportation of glass [&hellip;]","og_url":"https:\/\/www.vigidaspack.lt\/lt\/wooden-packaging\/","og_site_name":"Vigidas Pack","article_modified_time":"2025-04-02T13:21:37+00:00","og_image":[{"url":"http:\/\/www.vigidaspack.lt\/wp-content\/uploads\/2023\/04\/Frame-1.webp","type":"","width":"","height":""}],"twitter_card":"summary_large_image","twitter_misc":{"Est. reading time":"2 minut\u0117s"},"schema":{"@context":"https:\/\/schema.org","@graph":[{"@type":"WebPage","@id":"https:\/\/www.vigidaspack.lt\/de\/wooden-packaging\/","url":"https:\/\/www.vigidaspack.lt\/de\/wooden-packaging\/","name":"Wooden packaging - Vigidas Pack","isPartOf":{"@id":"https:\/\/www.vigidaspack.lt\/#website"},"primaryImageOfPage":{"@id":"https:\/\/www.vigidaspack.lt\/de\/wooden-packaging\/#primaryimage"},"image":{"@id":"https:\/\/www.vigidaspack.lt\/de\/wooden-packaging\/#primaryimage"},"thumbnailUrl":"http:\/\/www.vigidaspack.lt\/wp-content\/uploads\/2023\/04\/Frame-1.webp","datePublished":"2025-04-02T11:03:52+00:00","dateModified":"2025-04-02T13:21:37+00:00","breadcrumb":{"@id":"https:\/\/www.vigidaspack.lt\/de\/wooden-packaging\/#breadcrumb"},"inLanguage":"lt-LT","potentialAction":[{"@type":"ReadAction","target":["https:\/\/www.vigidaspack.lt\/de\/wooden-packaging\/"]}]},{"@type":"ImageObject","inLanguage":"lt-LT","@id":"https:\/\/www.vigidaspack.lt\/de\/wooden-packaging\/#primaryimage","url":"http:\/\/www.vigidaspack.lt\/wp-content\/uploads\/2023\/04\/Frame-1.webp","contentUrl":"http:\/\/www.vigidaspack.lt\/wp-content\/uploads\/2023\/04\/Frame-1.webp"},{"@type":"BreadcrumbList","@id":"https:\/\/www.vigidaspack.lt\/de\/wooden-packaging\/#breadcrumb","itemListElement":[{"@type":"ListItem","position":1,"name":"Home","item":"https:\/\/www.vigidaspack.lt\/"},{"@type":"ListItem","position":2,"name":"Wooden packaging"}]},{"@type":"WebSite","@id":"https:\/\/www.vigidaspack.lt\/#website","url":"https:\/\/www.vigidaspack.lt\/","name":"Vigidas Pack","description":"PREMIUM EUROPEAN SAWMILL","publisher":{"@id":"https:\/\/www.vigidaspack.lt\/#organization"},"potentialAction":[{"@type":"SearchAction","target":{"@type":"EntryPoint","urlTemplate":"https:\/\/www.vigidaspack.lt\/?s={search_term_string}"},"query-input":{"@type":"PropertyValueSpecification","valueRequired":true,"valueName":"search_term_string"}}],"inLanguage":"lt-LT"},{"@type":"Organization","@id":"https:\/\/www.vigidaspack.lt\/#organization","name":"Vigidas Pack","url":"https:\/\/www.vigidaspack.lt\/","logo":{"@type":"ImageObject","inLanguage":"lt-LT","@id":"https:\/\/www.vigidaspack.lt\/#\/schema\/logo\/image\/","url":"https:\/\/www.vigidaspack.lt\/wp-content\/uploads\/2022\/01\/Picture-1.png","contentUrl":"https:\/\/www.vigidaspack.lt\/wp-content\/uploads\/2022\/01\/Picture-1.png","width":470,"height":214,"caption":"Vigidas Pack"},"image":{"@id":"https:\/\/www.vigidaspack.lt\/#\/schema\/logo\/image\/"}}]}},"_links":{"self":[{"href":"https:\/\/www.vigidaspack.lt\/lt\/wp-json\/wp\/v2\/pages\/2036","targetHints":{"allow":["GET"]}}],"collection":[{"href":"https:\/\/www.vigidaspack.lt\/lt\/wp-json\/wp\/v2\/pages"}],"about":[{"href":"https:\/\/www.vigidaspack.lt\/lt\/wp-json\/wp\/v2\/types\/page"}],"author":[{"embeddable":true,"href":"https:\/\/www.vigidaspack.lt\/lt\/wp-json\/wp\/v2\/users\/1"}],"replies":[{"embeddable":true,"href":"https:\/\/www.vigidaspack.lt\/lt\/wp-json\/wp\/v2\/comments?post=2036"}],"version-history":[{"count":8,"href":"https:\/\/www.vigidaspack.lt\/lt\/wp-json\/wp\/v2\/pages\/2036\/revisions"}],"predecessor-version":[{"id":2136,"href":"https:\/\/www.vigidaspack.lt\/lt\/wp-json\/wp\/v2\/pages\/2036\/revisions\/2136"}],"wp:attachment":[{"href":"https:\/\/www.vigidaspack.lt\/lt\/wp-json\/wp\/v2\/media?parent=2036"}],"curies":[{"name":"wp","href":"https:\/\/api.w.org\/{rel}","templated":true}]}}