{"id":750,"date":"2025-02-24T15:28:41","date_gmt":"2025-02-24T15:28:41","guid":{"rendered":"https:\/\/www.vigidaspack.lt\/?page_id=750"},"modified":"2025-04-07T09:56:28","modified_gmt":"2025-04-07T09:56:28","slug":"cabins-sauna-and-hot-tubs","status":"publish","type":"page","link":"https:\/\/www.vigidaspack.lt\/lt\/cabins-sauna-and-hot-tubs\/","title":{"rendered":"Nameliai, pirtys ir kubilai"},"content":{"rendered":"<div data-elementor-type=\"wp-page\" data-elementor-id=\"750\" class=\"elementor elementor-750\">\n\t\t\t\t\t\t<section class=\"elementor-section elementor-top-section elementor-element elementor-element-0608cb5 elementor-section-boxed elementor-section-height-default elementor-section-height-default\" data-id=\"0608cb5\" data-element_type=\"section\" data-settings=\"{&quot;background_background&quot;:&quot;classic&quot;}\">\n\t\t\t\t\t\t<div class=\"elementor-container elementor-column-gap-default\">\n\t\t\t\t\t<div class=\"elementor-column elementor-col-100 elementor-top-column elementor-element elementor-element-0018756\" data-id=\"0018756\" data-element_type=\"column\">\n\t\t\t<div class=\"elementor-widget-wrap elementor-element-populated\">\n\t\t\t\t\t\t<div class=\"elementor-element elementor-element-d686e48 elementor-widget elementor-widget-hfe-breadcrumbs-widget\" data-id=\"d686e48\" data-element_type=\"widget\" data-widget_type=\"hfe-breadcrumbs-widget.default\">\n\t\t\t\t<div class=\"elementor-widget-container\">\n\t\t\t\t\t<nav aria-label=\"Duonos trupiniai\"><ul class=\"hfe-breadcrumbs hfe-breadcrumbs-show-home\"><li class=\"hfe-breadcrumbs-item hfe-breadcrumbs-first\"><span class=\"hfe-breadcrumbs-home-icon\"><i aria-hidden=\"true\" class=\"fas fa-home\"><\/i><\/span><a href=\"https:\/\/www.vigidaspack.lt\/lt\"><span class=\"hfe-breadcrumbs-text\">Prad\u017eia<\/span><\/a><\/li><\/ul><\/nav>\t\t\t\t<\/div>\n\t\t\t\t<\/div>\n\t\t\t\t\t<\/div>\n\t\t<\/div>\n\t\t\t\t\t<\/div>\n\t\t<\/section>\n\t\t\t\t<section class=\"elementor-section elementor-top-section elementor-element elementor-element-dc9f001 elementor-section-boxed elementor-section-height-default elementor-section-height-default\" data-id=\"dc9f001\" data-element_type=\"section\">\n\t\t\t\t\t\t<div class=\"elementor-container elementor-column-gap-default\">\n\t\t\t\t\t<div class=\"elementor-column elementor-col-50 elementor-top-column elementor-element elementor-element-4e78a9a\" data-id=\"4e78a9a\" data-element_type=\"column\">\n\t\t\t<div class=\"elementor-widget-wrap elementor-element-populated\">\n\t\t\t\t\t\t<div class=\"elementor-element elementor-element-1456890 elementor-widget elementor-widget-heading\" data-id=\"1456890\" data-element_type=\"widget\" data-widget_type=\"heading.default\">\n\t\t\t\t<div class=\"elementor-widget-container\">\n\t\t\t\t\t<h2 class=\"elementor-heading-title elementor-size-default\">Nameliai, sauna ir kubilai<\/h2>\t\t\t\t<\/div>\n\t\t\t\t<\/div>\n\t\t\t\t<div class=\"elementor-element elementor-element-89f265a elementor-widget elementor-widget-text-editor\" data-id=\"89f265a\" data-element_type=\"widget\" data-widget_type=\"text-editor.default\">\n\t\t\t\t<div class=\"elementor-widget-container\">\n\t\t\t\t\t\t\t\t\t<p>UAB \u201eVigidas Pack\u201c pristato savo preki\u0173 linij\u0105 Celsium, kurios asortimentas apima auk\u0161tos kokyb\u0117s pirteles, kubilus ir \u0161alto vandens kubilus. \u0160ie produktai pasi\u017eymi moderniu dizainu ir funkcionalumu, u\u017etikrinan\u010diu malon\u0173 poils\u012f bei atsipalaidavim\u0105. Celsium asortimentas skirtas tiek asmeniniam, tiek komerciniam naudojimui, siekiant suteikti i\u0161skirtin\u0119 patirt\u012f ir ilgaam\u017ei\u0161kum\u0105.<\/p>\t\t\t\t\t\t\t\t<\/div>\n\t\t\t\t<\/div>\n\t\t\t\t\t<\/div>\n\t\t<\/div>\n\t\t\t\t<div class=\"elementor-column elementor-col-50 elementor-top-column elementor-element elementor-element-52d9399\" data-id=\"52d9399\" data-element_type=\"column\" data-settings=\"{&quot;background_background&quot;:&quot;slideshow&quot;,&quot;background_slideshow_gallery&quot;:[],&quot;background_slideshow_loop&quot;:&quot;yes&quot;,&quot;background_slideshow_slide_duration&quot;:5000,&quot;background_slideshow_slide_transition&quot;:&quot;fade&quot;,&quot;background_slideshow_transition_duration&quot;:500}\">\n\t\t\t<div class=\"elementor-widget-wrap elementor-element-populated\">\n\t\t\t\t\t\t<div class=\"elementor-element elementor-element-c6785f7 elementor-widget elementor-widget-video\" data-id=\"c6785f7\" data-element_type=\"widget\" data-settings=\"{&quot;video_type&quot;:&quot;hosted&quot;,&quot;start&quot;:0,&quot;autoplay&quot;:&quot;yes&quot;,&quot;loop&quot;:&quot;yes&quot;,&quot;mute&quot;:&quot;yes&quot;}\" data-widget_type=\"video.default\">\n\t\t\t\t<div class=\"elementor-widget-container\">\n\t\t\t\t\t\t\t<div class=\"e-hosted-video elementor-wrapper elementor-open-inline\">\n\t\t\t\t\t<video class=\"elementor-video\" src=\"https:\/\/www.vigidaspack.lt\/wp-content\/uploads\/2025\/04\/c49249fc-8a73-4624-8d5e-eef34565b2bc.mp4\" autoplay=\"\" loop=\"\" muted=\"muted\" controlslist=\"nodownload\"><\/video>\n\t\t\t\t<\/div>\n\t\t\t\t\t\t<\/div>\n\t\t\t\t<\/div>\n\t\t\t\t\t<\/div>\n\t\t<\/div>\n\t\t\t\t\t<\/div>\n\t\t<\/section>\n\t\t\t\t<section class=\"elementor-section elementor-top-section elementor-element elementor-element-4f1c447 elementor-section-stretched elementor-section-boxed elementor-section-height-default elementor-section-height-default\" data-id=\"4f1c447\" data-element_type=\"section\" data-settings=\"{&quot;stretch_section&quot;:&quot;section-stretched&quot;,&quot;background_background&quot;:&quot;classic&quot;}\">\n\t\t\t\t\t\t\t<div class=\"elementor-background-overlay\"><\/div>\n\t\t\t\t\t\t\t<div class=\"elementor-container elementor-column-gap-default\">\n\t\t\t\t\t<div class=\"elementor-column elementor-col-50 elementor-top-column elementor-element elementor-element-790ecd4\" data-id=\"790ecd4\" data-element_type=\"column\">\n\t\t\t<div class=\"elementor-widget-wrap elementor-element-populated\">\n\t\t\t\t\t\t<div class=\"elementor-element elementor-element-668cf0a elementor-widget elementor-widget-counter\" data-id=\"668cf0a\" data-element_type=\"widget\" data-widget_type=\"counter.default\">\n\t\t\t\t<div class=\"elementor-widget-container\">\n\t\t\t\t\t\t\t<div class=\"elementor-counter\">\n\t\t\t<div class=\"elementor-counter-title\">Ilgamet\u0117 patirtis<\/div>\t\t\t<div class=\"elementor-counter-number-wrapper\">\n\t\t\t\t<span class=\"elementor-counter-number-prefix\">+<\/span>\n\t\t\t\t<span class=\"elementor-counter-number\" data-duration=\"2000\" data-to-value=\"30\" data-from-value=\"0\" data-delimiter=\",\">0<\/span>\n\t\t\t\t<span class=\"elementor-counter-number-suffix\"><\/span>\n\t\t\t<\/div>\n\t\t<\/div>\n\t\t\t\t\t\t<\/div>\n\t\t\t\t<\/div>\n\t\t\t\t<div class=\"elementor-element elementor-element-16dec61 elementor-widget elementor-widget-counter\" data-id=\"16dec61\" data-element_type=\"widget\" data-widget_type=\"counter.default\">\n\t\t\t\t<div class=\"elementor-widget-container\">\n\t\t\t\t\t\t\t<div class=\"elementor-counter\">\n\t\t\t<div class=\"elementor-counter-title\">Darbuotojai<\/div>\t\t\t<div class=\"elementor-counter-number-wrapper\">\n\t\t\t\t<span class=\"elementor-counter-number-prefix\">+<\/span>\n\t\t\t\t<span class=\"elementor-counter-number\" data-duration=\"2000\" data-to-value=\"100\" data-from-value=\"0\" data-delimiter=\",\">0<\/span>\n\t\t\t\t<span class=\"elementor-counter-number-suffix\"><\/span>\n\t\t\t<\/div>\n\t\t<\/div>\n\t\t\t\t\t\t<\/div>\n\t\t\t\t<\/div>\n\t\t\t\t<div class=\"elementor-element elementor-element-eadde73 elementor-widget elementor-widget-counter\" data-id=\"eadde73\" data-element_type=\"widget\" data-widget_type=\"counter.default\">\n\t\t\t\t<div class=\"elementor-widget-container\">\n\t\t\t\t\t\t\t<div class=\"elementor-counter\">\n\t\t\t<div class=\"elementor-counter-title\">Eksporto \u0161alys<\/div>\t\t\t<div class=\"elementor-counter-number-wrapper\">\n\t\t\t\t<span class=\"elementor-counter-number-prefix\">+<\/span>\n\t\t\t\t<span class=\"elementor-counter-number\" data-duration=\"2000\" data-to-value=\"50\" data-from-value=\"0\" data-delimiter=\",\">0<\/span>\n\t\t\t\t<span class=\"elementor-counter-number-suffix\"><\/span>\n\t\t\t<\/div>\n\t\t<\/div>\n\t\t\t\t\t\t<\/div>\n\t\t\t\t<\/div>\n\t\t\t\t\t<\/div>\n\t\t<\/div>\n\t\t\t\t<div class=\"elementor-column elementor-col-50 elementor-top-column elementor-element elementor-element-523fb95\" data-id=\"523fb95\" data-element_type=\"column\">\n\t\t\t<div class=\"elementor-widget-wrap elementor-element-populated\">\n\t\t\t\t\t\t<div class=\"elementor-element elementor-element-4339b9f elementor-widget elementor-widget-heading\" data-id=\"4339b9f\" data-element_type=\"widget\" data-widget_type=\"heading.default\">\n\t\t\t\t<div class=\"elementor-widget-container\">\n\t\t\t\t\t<h4 class=\"elementor-heading-title elementor-size-default\">J\u016bs\u0173 patikimas medienos tiek\u0117jas<\/h4>\t\t\t\t<\/div>\n\t\t\t\t<\/div>\n\t\t\t\t<div class=\"elementor-element elementor-element-4f2a6cb elementor-widget elementor-widget-heading\" data-id=\"4f2a6cb\" data-element_type=\"widget\" data-widget_type=\"heading.default\">\n\t\t\t\t<div class=\"elementor-widget-container\">\n\t\t\t\t\t<h2 class=\"elementor-heading-title elementor-size-default\">Vigidas Pack teikia visapusi\u0161k\u0105 logistin\u0119 pagalb\u0105 visame pasaulyje<\/h2>\t\t\t\t<\/div>\n\t\t\t\t<\/div>\n\t\t\t\t\t<\/div>\n\t\t<\/div>\n\t\t\t\t\t<\/div>\n\t\t<\/section>\n\t\t\t\t<section class=\"elementor-section elementor-top-section elementor-element elementor-element-717e5ad elementor-section-boxed elementor-section-height-default elementor-section-height-default\" data-id=\"717e5ad\" data-element_type=\"section\">\n\t\t\t\t\t\t<div class=\"elementor-container elementor-column-gap-default\">\n\t\t\t\t\t<div class=\"elementor-column elementor-col-25 elementor-top-column elementor-element elementor-element-3a66d7b\" data-id=\"3a66d7b\" data-element_type=\"column\">\n\t\t\t<div class=\"elementor-widget-wrap elementor-element-populated\">\n\t\t\t\t\t\t<div class=\"elementor-element elementor-element-a94c23c elementor-widget elementor-widget-heading\" data-id=\"a94c23c\" data-element_type=\"widget\" data-widget_type=\"heading.default\">\n\t\t\t\t<div class=\"elementor-widget-container\">\n\t\t\t\t\t<h3 class=\"elementor-heading-title elementor-size-default\">Sertifikatai<\/h3>\t\t\t\t<\/div>\n\t\t\t\t<\/div>\n\t\t\t\t<div class=\"elementor-element elementor-element-b1044a4 elementor-widget elementor-widget-text-editor\" data-id=\"b1044a4\" data-element_type=\"widget\" data-widget_type=\"text-editor.default\">\n\t\t\t\t<div class=\"elementor-widget-container\">\n\t\t\t\t\t\t\t\t\t<p>M\u016bs\u0173 gaminiai atitinka grie\u017etus tarptautinius reikalavimus, u\u017etikrinan\u010dius j\u0173 patikimum\u0105, saugum\u0105 ir tvarum\u0105. Laikom\u0117s auk\u0161\u010diausi\u0173 gamybos standart\u0173, kad garantuotume ilgaam\u017ei\u0161kum\u0105 ir atsaking\u0105 po\u017ei\u016br\u012f \u012f aplink\u0105.<\/p>\t\t\t\t\t\t\t\t<\/div>\n\t\t\t\t<\/div>\n\t\t\t\t<div class=\"elementor-element elementor-element-3eb3b24 elementor-widget elementor-widget-button\" data-id=\"3eb3b24\" data-element_type=\"widget\" data-widget_type=\"button.default\">\n\t\t\t\t<div class=\"elementor-widget-container\">\n\t\t\t\t\t\t\t\t\t<div class=\"elementor-button-wrapper\">\n\t\t\t\t\t<a class=\"elementor-button elementor-button-link elementor-size-sm elementor-animation-grow\" href=\"https:\/\/www.vigidaspack.lt\/lt\/certificates\/\">\n\t\t\t\t\t\t<span class=\"elementor-button-content-wrapper\">\n\t\t\t\t\t\t\t\t\t<span class=\"elementor-button-text\">apie sertifikatus<\/span>\n\t\t\t\t\t<\/span>\n\t\t\t\t\t<\/a>\n\t\t\t\t<\/div>\n\t\t\t\t\t\t\t\t<\/div>\n\t\t\t\t<\/div>\n\t\t\t\t\t<\/div>\n\t\t<\/div>\n\t\t\t\t<div class=\"elementor-column elementor-col-25 elementor-top-column elementor-element elementor-element-d8a71ea\" data-id=\"d8a71ea\" data-element_type=\"column\">\n\t\t\t<div class=\"elementor-widget-wrap elementor-element-populated\">\n\t\t\t\t\t\t<div class=\"elementor-element elementor-element-4a627d5 elementor-widget elementor-widget-image\" data-id=\"4a627d5\" data-element_type=\"widget\" data-widget_type=\"image.default\">\n\t\t\t\t<div class=\"elementor-widget-container\">\n\t\t\t\t\t\t\t\t\t\t\t\t\t\t\t<img fetchpriority=\"high\" decoding=\"async\" width=\"724\" height=\"1024\" src=\"https:\/\/www.vigidaspack.lt\/wp-content\/uploads\/2025\/03\/BS-Battens-sertifikatas_page-0001-724x1024.jpg\" class=\"attachment-large size-large wp-image-1975\" alt=\"\" srcset=\"https:\/\/www.vigidaspack.lt\/wp-content\/uploads\/2025\/03\/BS-Battens-sertifikatas_page-0001-724x1024.jpg 724w, https:\/\/www.vigidaspack.lt\/wp-content\/uploads\/2025\/03\/BS-Battens-sertifikatas_page-0001-212x300.jpg 212w, https:\/\/www.vigidaspack.lt\/wp-content\/uploads\/2025\/03\/BS-Battens-sertifikatas_page-0001-768x1086.jpg 768w, https:\/\/www.vigidaspack.lt\/wp-content\/uploads\/2025\/03\/BS-Battens-sertifikatas_page-0001-1086x1536.jpg 1086w, https:\/\/www.vigidaspack.lt\/wp-content\/uploads\/2025\/03\/BS-Battens-sertifikatas_page-0001-8x12.jpg 8w, https:\/\/www.vigidaspack.lt\/wp-content\/uploads\/2025\/03\/BS-Battens-sertifikatas_page-0001.jpg 1241w\" sizes=\"(max-width: 724px) 100vw, 724px\" \/>\t\t\t\t\t\t\t\t\t\t\t\t\t\t\t<\/div>\n\t\t\t\t<\/div>\n\t\t\t\t\t<\/div>\n\t\t<\/div>\n\t\t\t\t<div class=\"elementor-column elementor-col-25 elementor-top-column elementor-element elementor-element-2652876\" data-id=\"2652876\" data-element_type=\"column\">\n\t\t\t<div class=\"elementor-widget-wrap elementor-element-populated\">\n\t\t\t\t\t\t<div class=\"elementor-element elementor-element-b8e61ba elementor-widget elementor-widget-image\" data-id=\"b8e61ba\" data-element_type=\"widget\" data-widget_type=\"image.default\">\n\t\t\t\t<div class=\"elementor-widget-container\">\n\t\t\t\t\t\t\t\t\t\t\t\t\t\t\t<img decoding=\"async\" width=\"724\" height=\"1024\" src=\"https:\/\/www.vigidaspack.lt\/wp-content\/uploads\/2025\/03\/CE-sertifikatas-2023-new_page-0001-724x1024.jpg\" class=\"attachment-large size-large wp-image-1976\" alt=\"\" srcset=\"https:\/\/www.vigidaspack.lt\/wp-content\/uploads\/2025\/03\/CE-sertifikatas-2023-new_page-0001-724x1024.jpg 724w, https:\/\/www.vigidaspack.lt\/wp-content\/uploads\/2025\/03\/CE-sertifikatas-2023-new_page-0001-212x300.jpg 212w, https:\/\/www.vigidaspack.lt\/wp-content\/uploads\/2025\/03\/CE-sertifikatas-2023-new_page-0001-768x1086.jpg 768w, https:\/\/www.vigidaspack.lt\/wp-content\/uploads\/2025\/03\/CE-sertifikatas-2023-new_page-0001-1086x1536.jpg 1086w, https:\/\/www.vigidaspack.lt\/wp-content\/uploads\/2025\/03\/CE-sertifikatas-2023-new_page-0001-8x12.jpg 8w, https:\/\/www.vigidaspack.lt\/wp-content\/uploads\/2025\/03\/CE-sertifikatas-2023-new_page-0001.jpg 1241w\" sizes=\"(max-width: 724px) 100vw, 724px\" \/>\t\t\t\t\t\t\t\t\t\t\t\t\t\t\t<\/div>\n\t\t\t\t<\/div>\n\t\t\t\t\t<\/div>\n\t\t<\/div>\n\t\t\t\t<div class=\"elementor-column elementor-col-25 elementor-top-column elementor-element elementor-element-572b879\" data-id=\"572b879\" data-element_type=\"column\">\n\t\t\t<div class=\"elementor-widget-wrap elementor-element-populated\">\n\t\t\t\t\t\t<div class=\"elementor-element elementor-element-9090eaf elementor-widget elementor-widget-image\" data-id=\"9090eaf\" data-element_type=\"widget\" data-widget_type=\"image.default\">\n\t\t\t\t<div class=\"elementor-widget-container\">\n\t\t\t\t\t\t\t\t\t\t\t\t\t\t\t<img decoding=\"async\" width=\"724\" height=\"1024\" src=\"https:\/\/www.vigidaspack.lt\/wp-content\/uploads\/2025\/03\/Licence-Certificate-LT-003-1-2025_page-0001-724x1024.jpg\" class=\"attachment-large size-large wp-image-1978\" alt=\"\" srcset=\"https:\/\/www.vigidaspack.lt\/wp-content\/uploads\/2025\/03\/Licence-Certificate-LT-003-1-2025_page-0001-724x1024.jpg 724w, https:\/\/www.vigidaspack.lt\/wp-content\/uploads\/2025\/03\/Licence-Certificate-LT-003-1-2025_page-0001-212x300.jpg 212w, https:\/\/www.vigidaspack.lt\/wp-content\/uploads\/2025\/03\/Licence-Certificate-LT-003-1-2025_page-0001-768x1087.jpg 768w, https:\/\/www.vigidaspack.lt\/wp-content\/uploads\/2025\/03\/Licence-Certificate-LT-003-1-2025_page-0001-1085x1536.jpg 1085w, https:\/\/www.vigidaspack.lt\/wp-content\/uploads\/2025\/03\/Licence-Certificate-LT-003-1-2025_page-0001-8x12.jpg 8w, https:\/\/www.vigidaspack.lt\/wp-content\/uploads\/2025\/03\/Licence-Certificate-LT-003-1-2025_page-0001.jpg 1240w\" sizes=\"(max-width: 724px) 100vw, 724px\" \/>\t\t\t\t\t\t\t\t\t\t\t\t\t\t\t<\/div>\n\t\t\t\t<\/div>\n\t\t\t\t\t<\/div>\n\t\t<\/div>\n\t\t\t\t\t<\/div>\n\t\t<\/section>\n\t\t\t\t<\/div>","protected":false},"excerpt":{"rendered":"<p>Nam\u0173 nameliai, pirtys ir kubilai\u200b UAB \u201eVigidas Pack\u201c pristato savo Celsium produkt\u0173 linij\u0105, si\u016blan\u010di\u0105 auk\u0161tos kokyb\u0117s pirtis, kubilus ir \u0161altus giluminius kubilus. \u0160ie gaminiai pasi\u017eymi \u0161iuolaiki\u0161ku dizainu ir i\u0161skirtiniu funkcionalumu, u\u017etikrinan\u010diu atpalaiduojan\u010di\u0105 ir maloni\u0105 patirt\u012f. \u201eCelsium\u201c asortimentas sukurtas tiek asmeniniam, tiek komerciniam naudojimui, u\u017etikrina i\u0161skirtin\u012f patvarum\u0105 ir auk\u0161\u010diausios kokyb\u0117s [\u2026]<\/p>","protected":false},"author":1,"featured_media":0,"parent":0,"menu_order":0,"comment_status":"closed","ping_status":"closed","template":"elementor_header_footer","meta":{"footnotes":""},"class_list":["post-750","page","type-page","status-publish","hentry"],"yoast_head":"<!-- This site is optimized with the Yoast SEO plugin v25.0 - https:\/\/yoast.com\/wordpress\/plugins\/seo\/ -->\n<title>Cabins, sauna and hot tubs - Vigidas Pack<\/title>\n<meta name=\"description\" content=\"New information coming soon.\" \/>\n<meta name=\"robots\" content=\"index, follow, max-snippet:-1, max-image-preview:large, max-video-preview:-1\" \/>\n<link rel=\"canonical\" href=\"https:\/\/www.vigidaspack.lt\/lt\/cabins-sauna-and-hot-tubs\/\" \/>\n<meta property=\"og:locale\" content=\"lt_LT\" \/>\n<meta property=\"og:type\" content=\"article\" \/>\n<meta property=\"og:title\" content=\"Cabins, sauna and hot tubs - Vigidas Pack\" \/>\n<meta property=\"og:description\" content=\"New information coming soon.\" \/>\n<meta property=\"og:url\" content=\"https:\/\/www.vigidaspack.lt\/lt\/cabins-sauna-and-hot-tubs\/\" \/>\n<meta property=\"og:site_name\" content=\"Vigidas Pack\" \/>\n<meta property=\"article:modified_time\" content=\"2025-04-07T09:56:28+00:00\" \/>\n<meta property=\"og:image\" content=\"https:\/\/www.vigidaspack.lt\/wp-content\/uploads\/2025\/03\/BS-Battens-sertifikatas_page-0001.jpg\" \/>\n\t<meta property=\"og:image:width\" content=\"1241\" \/>\n\t<meta property=\"og:image:height\" content=\"1755\" \/>\n\t<meta property=\"og:image:type\" content=\"image\/jpeg\" \/>\n<meta name=\"twitter:card\" content=\"summary_large_image\" \/>\n<meta name=\"twitter:label1\" content=\"Est. reading time\" \/>\n\t<meta name=\"twitter:data1\" content=\"2 minut\u0117s\" \/>\n<script type=\"application\/ld+json\" class=\"yoast-schema-graph\">{\"@context\":\"https:\/\/schema.org\",\"@graph\":[{\"@type\":\"WebPage\",\"@id\":\"https:\/\/www.vigidaspack.lt\/cabins-sauna-and-hot-tubs\/\",\"url\":\"https:\/\/www.vigidaspack.lt\/cabins-sauna-and-hot-tubs\/\",\"name\":\"Cabins, sauna and hot tubs - Vigidas Pack\",\"isPartOf\":{\"@id\":\"https:\/\/www.vigidaspack.lt\/#website\"},\"primaryImageOfPage\":{\"@id\":\"https:\/\/www.vigidaspack.lt\/cabins-sauna-and-hot-tubs\/#primaryimage\"},\"image\":{\"@id\":\"https:\/\/www.vigidaspack.lt\/cabins-sauna-and-hot-tubs\/#primaryimage\"},\"thumbnailUrl\":\"https:\/\/www.vigidaspack.lt\/wp-content\/uploads\/2025\/03\/BS-Battens-sertifikatas_page-0001-724x1024.jpg\",\"datePublished\":\"2025-02-24T15:28:41+00:00\",\"dateModified\":\"2025-04-07T09:56:28+00:00\",\"description\":\"New information coming soon.\",\"breadcrumb\":{\"@id\":\"https:\/\/www.vigidaspack.lt\/cabins-sauna-and-hot-tubs\/#breadcrumb\"},\"inLanguage\":\"lt-LT\",\"potentialAction\":[{\"@type\":\"ReadAction\",\"target\":[\"https:\/\/www.vigidaspack.lt\/cabins-sauna-and-hot-tubs\/\"]}]},{\"@type\":\"ImageObject\",\"inLanguage\":\"lt-LT\",\"@id\":\"https:\/\/www.vigidaspack.lt\/cabins-sauna-and-hot-tubs\/#primaryimage\",\"url\":\"https:\/\/www.vigidaspack.lt\/wp-content\/uploads\/2025\/03\/BS-Battens-sertifikatas_page-0001-724x1024.jpg\",\"contentUrl\":\"https:\/\/www.vigidaspack.lt\/wp-content\/uploads\/2025\/03\/BS-Battens-sertifikatas_page-0001-724x1024.jpg\"},{\"@type\":\"BreadcrumbList\",\"@id\":\"https:\/\/www.vigidaspack.lt\/cabins-sauna-and-hot-tubs\/#breadcrumb\",\"itemListElement\":[{\"@type\":\"ListItem\",\"position\":1,\"name\":\"Home\",\"item\":\"https:\/\/www.vigidaspack.lt\/\"},{\"@type\":\"ListItem\",\"position\":2,\"name\":\"Cabins, sauna and hot tubs\"}]},{\"@type\":\"WebSite\",\"@id\":\"https:\/\/www.vigidaspack.lt\/#website\",\"url\":\"https:\/\/www.vigidaspack.lt\/\",\"name\":\"Vigidas Pack\",\"description\":\"PREMIUM EUROPEAN SAWMILL\",\"publisher\":{\"@id\":\"https:\/\/www.vigidaspack.lt\/#organization\"},\"potentialAction\":[{\"@type\":\"SearchAction\",\"target\":{\"@type\":\"EntryPoint\",\"urlTemplate\":\"https:\/\/www.vigidaspack.lt\/?s={search_term_string}\"},\"query-input\":{\"@type\":\"PropertyValueSpecification\",\"valueRequired\":true,\"valueName\":\"search_term_string\"}}],\"inLanguage\":\"lt-LT\"},{\"@type\":\"Organization\",\"@id\":\"https:\/\/www.vigidaspack.lt\/#organization\",\"name\":\"Vigidas Pack\",\"url\":\"https:\/\/www.vigidaspack.lt\/\",\"logo\":{\"@type\":\"ImageObject\",\"inLanguage\":\"lt-LT\",\"@id\":\"https:\/\/www.vigidaspack.lt\/#\/schema\/logo\/image\/\",\"url\":\"https:\/\/www.vigidaspack.lt\/wp-content\/uploads\/2022\/01\/Picture-1.png\",\"contentUrl\":\"https:\/\/www.vigidaspack.lt\/wp-content\/uploads\/2022\/01\/Picture-1.png\",\"width\":470,\"height\":214,\"caption\":\"Vigidas Pack\"},\"image\":{\"@id\":\"https:\/\/www.vigidaspack.lt\/#\/schema\/logo\/image\/\"}}]}<\/script>\n<!-- \/ Yoast SEO plugin. -->","yoast_head_json":{"title":"Cabins, sauna and hot tubs - Vigidas Pack","description":"New information coming soon.","robots":{"index":"index","follow":"follow","max-snippet":"max-snippet:-1","max-image-preview":"max-image-preview:large","max-video-preview":"max-video-preview:-1"},"canonical":"https:\/\/www.vigidaspack.lt\/lt\/cabins-sauna-and-hot-tubs\/","og_locale":"lt_LT","og_type":"article","og_title":"Cabins, sauna and hot tubs - Vigidas Pack","og_description":"New information coming soon.","og_url":"https:\/\/www.vigidaspack.lt\/lt\/cabins-sauna-and-hot-tubs\/","og_site_name":"Vigidas Pack","article_modified_time":"2025-04-07T09:56:28+00:00","og_image":[{"width":1241,"height":1755,"url":"https:\/\/www.vigidaspack.lt\/wp-content\/uploads\/2025\/03\/BS-Battens-sertifikatas_page-0001.jpg","type":"image\/jpeg"}],"twitter_card":"summary_large_image","twitter_misc":{"Est. reading time":"2 minut\u0117s"},"schema":{"@context":"https:\/\/schema.org","@graph":[{"@type":"WebPage","@id":"https:\/\/www.vigidaspack.lt\/cabins-sauna-and-hot-tubs\/","url":"https:\/\/www.vigidaspack.lt\/cabins-sauna-and-hot-tubs\/","name":"Cabins, sauna and hot tubs - Vigidas Pack","isPartOf":{"@id":"https:\/\/www.vigidaspack.lt\/#website"},"primaryImageOfPage":{"@id":"https:\/\/www.vigidaspack.lt\/cabins-sauna-and-hot-tubs\/#primaryimage"},"image":{"@id":"https:\/\/www.vigidaspack.lt\/cabins-sauna-and-hot-tubs\/#primaryimage"},"thumbnailUrl":"https:\/\/www.vigidaspack.lt\/wp-content\/uploads\/2025\/03\/BS-Battens-sertifikatas_page-0001-724x1024.jpg","datePublished":"2025-02-24T15:28:41+00:00","dateModified":"2025-04-07T09:56:28+00:00","description":"New information coming soon.","breadcrumb":{"@id":"https:\/\/www.vigidaspack.lt\/cabins-sauna-and-hot-tubs\/#breadcrumb"},"inLanguage":"lt-LT","potentialAction":[{"@type":"ReadAction","target":["https:\/\/www.vigidaspack.lt\/cabins-sauna-and-hot-tubs\/"]}]},{"@type":"ImageObject","inLanguage":"lt-LT","@id":"https:\/\/www.vigidaspack.lt\/cabins-sauna-and-hot-tubs\/#primaryimage","url":"https:\/\/www.vigidaspack.lt\/wp-content\/uploads\/2025\/03\/BS-Battens-sertifikatas_page-0001-724x1024.jpg","contentUrl":"https:\/\/www.vigidaspack.lt\/wp-content\/uploads\/2025\/03\/BS-Battens-sertifikatas_page-0001-724x1024.jpg"},{"@type":"BreadcrumbList","@id":"https:\/\/www.vigidaspack.lt\/cabins-sauna-and-hot-tubs\/#breadcrumb","itemListElement":[{"@type":"ListItem","position":1,"name":"Home","item":"https:\/\/www.vigidaspack.lt\/"},{"@type":"ListItem","position":2,"name":"Cabins, sauna and hot tubs"}]},{"@type":"WebSite","@id":"https:\/\/www.vigidaspack.lt\/#website","url":"https:\/\/www.vigidaspack.lt\/","name":"Vigidas Pack","description":"PREMIUM EUROPEAN SAWMILL","publisher":{"@id":"https:\/\/www.vigidaspack.lt\/#organization"},"potentialAction":[{"@type":"SearchAction","target":{"@type":"EntryPoint","urlTemplate":"https:\/\/www.vigidaspack.lt\/?s={search_term_string}"},"query-input":{"@type":"PropertyValueSpecification","valueRequired":true,"valueName":"search_term_string"}}],"inLanguage":"lt-LT"},{"@type":"Organization","@id":"https:\/\/www.vigidaspack.lt\/#organization","name":"Vigidas Pack","url":"https:\/\/www.vigidaspack.lt\/","logo":{"@type":"ImageObject","inLanguage":"lt-LT","@id":"https:\/\/www.vigidaspack.lt\/#\/schema\/logo\/image\/","url":"https:\/\/www.vigidaspack.lt\/wp-content\/uploads\/2022\/01\/Picture-1.png","contentUrl":"https:\/\/www.vigidaspack.lt\/wp-content\/uploads\/2022\/01\/Picture-1.png","width":470,"height":214,"caption":"Vigidas Pack"},"image":{"@id":"https:\/\/www.vigidaspack.lt\/#\/schema\/logo\/image\/"}}]}},"_links":{"self":[{"href":"https:\/\/www.vigidaspack.lt\/lt\/wp-json\/wp\/v2\/pages\/750","targetHints":{"allow":["GET"]}}],"collection":[{"href":"https:\/\/www.vigidaspack.lt\/lt\/wp-json\/wp\/v2\/pages"}],"about":[{"href":"https:\/\/www.vigidaspack.lt\/lt\/wp-json\/wp\/v2\/types\/page"}],"author":[{"embeddable":true,"href":"https:\/\/www.vigidaspack.lt\/lt\/wp-json\/wp\/v2\/users\/1"}],"replies":[{"embeddable":true,"href":"https:\/\/www.vigidaspack.lt\/lt\/wp-json\/wp\/v2\/comments?post=750"}],"version-history":[{"count":150,"href":"https:\/\/www.vigidaspack.lt\/lt\/wp-json\/wp\/v2\/pages\/750\/revisions"}],"predecessor-version":[{"id":2264,"href":"https:\/\/www.vigidaspack.lt\/lt\/wp-json\/wp\/v2\/pages\/750\/revisions\/2264"}],"wp:attachment":[{"href":"https:\/\/www.vigidaspack.lt\/lt\/wp-json\/wp\/v2\/media?parent=750"}],"curies":[{"name":"wp","href":"https:\/\/api.w.org\/{rel}","templated":true}]}}